{"id":562,"date":"2024-02-27T12:35:54","date_gmt":"2024-02-27T11:35:54","guid":{"rendered":"https:\/\/www.20khzpro.com\/?page_id=562"},"modified":"2024-03-01T13:23:44","modified_gmt":"2024-03-01T12:23:44","slug":"stage-trucks","status":"publish","type":"page","link":"https:\/\/www.20khzpro.com\/en\/camiones-escenario\/","title":{"rendered":"Stage trucks"},"content":{"rendered":"<div data-elementor-type=\"wp-page\" data-elementor-id=\"562\" class=\"elementor elementor-562\" data-elementor-post-type=\"page\">\n\t\t\t\t\t\t<section class=\"elementor-section elementor-top-section elementor-element elementor-element-3dad61a8 elementor-section-boxed elementor-section-height-default elementor-section-height-default\" data-id=\"3dad61a8\" data-element_type=\"section\" data-e-type=\"section\" data-settings=\"{&quot;background_background&quot;:&quot;classic&quot;}\">\n\t\t\t\t\t\t\t<div class=\"elementor-background-overlay\"><\/div>\n\t\t\t\t\t\t\t<div class=\"elementor-container elementor-column-gap-default\">\n\t\t\t\t\t<div class=\"elementor-column elementor-col-50 elementor-top-column elementor-element elementor-element-717e42d3\" data-id=\"717e42d3\" data-element_type=\"column\" data-e-type=\"column\">\n\t\t\t<div class=\"elementor-widget-wrap elementor-element-populated\">\n\t\t\t\t\t\t<div class=\"elementor-element elementor-element-36a38802 elementor-widget elementor-widget-heading\" data-id=\"36a38802\" data-element_type=\"widget\" data-e-type=\"widget\" data-widget_type=\"heading.default\">\n\t\t\t\t<div class=\"elementor-widget-container\">\n\t\t\t\t\t<h1 class=\"elementor-heading-title elementor-size-default\">Stage trucks<\/h1>\t\t\t\t<\/div>\n\t\t\t\t<\/div>\n\t\t\t\t\t<\/div>\n\t\t<\/div>\n\t\t\t\t<div class=\"elementor-column elementor-col-50 elementor-top-column elementor-element elementor-element-27ad6769\" data-id=\"27ad6769\" data-element_type=\"column\" data-e-type=\"column\">\n\t\t\t<div class=\"elementor-widget-wrap\">\n\t\t\t\t\t\t\t<\/div>\n\t\t<\/div>\n\t\t\t\t\t<\/div>\n\t\t<\/section>\n\t\t\t\t<section class=\"elementor-section elementor-top-section elementor-element elementor-element-3edf24bc elementor-section-boxed elementor-section-height-default elementor-section-height-default\" data-id=\"3edf24bc\" data-element_type=\"section\" data-e-type=\"section\" data-settings=\"{&quot;background_background&quot;:&quot;classic&quot;}\">\n\t\t\t\t\t\t<div class=\"elementor-container elementor-column-gap-default\">\n\t\t\t\t\t<div class=\"elementor-column elementor-col-100 elementor-top-column elementor-element elementor-element-385593c3\" data-id=\"385593c3\" data-element_type=\"column\" data-e-type=\"column\">\n\t\t\t<div class=\"elementor-widget-wrap elementor-element-populated\">\n\t\t\t\t\t\t<div class=\"elementor-element elementor-element-59153f9b elementor-widget elementor-widget-heading\" data-id=\"59153f9b\" data-element_type=\"widget\" data-e-type=\"widget\" data-widget_type=\"heading.default\">\n\t\t\t\t<div class=\"elementor-widget-container\">\n\t\t\t\t\t<div class=\"elementor-heading-title elementor-size-default\">We adapt to your event<\/div>\t\t\t\t<\/div>\n\t\t\t\t<\/div>\n\t\t\t\t<div class=\"elementor-element elementor-element-6f579633 elementor-widget elementor-widget-heading\" data-id=\"6f579633\" data-element_type=\"widget\" data-e-type=\"widget\" data-widget_type=\"heading.default\">\n\t\t\t\t<div class=\"elementor-widget-container\">\n\t\t\t\t\t<h2 class=\"elementor-heading-title elementor-size-default\">Taking your event to the next level<\/h2>\t\t\t\t<\/div>\n\t\t\t\t<\/div>\n\t\t\t\t<div class=\"elementor-element elementor-element-79081b91 elementor-widget elementor-widget-text-editor\" data-id=\"79081b91\" data-element_type=\"widget\" data-e-type=\"widget\" data-widget_type=\"text-editor.default\">\n\t\t\t\t<div class=\"elementor-widget-container\">\n\t\t\t\t\t\t\t\t\t<p>At 20kHz Producciones, we offer an exclusive stage truck rental service that will completely transform the way you experience live events.<\/p><p>Our stage trucks are designed to give you a versatile, high-performance platform that suits a wide variety of events, from concerts and festivals to corporate presentations and outdoor activities.<\/p>\t\t\t\t\t\t\t\t<\/div>\n\t\t\t\t<\/div>\n\t\t\t\t\t<\/div>\n\t\t<\/div>\n\t\t\t\t\t<\/div>\n\t\t<\/section>\n\t\t\t\t<section class=\"elementor-section elementor-top-section elementor-element elementor-element-1c61ffac elementor-section-boxed elementor-section-height-default elementor-section-height-default\" data-id=\"1c61ffac\" data-element_type=\"section\" data-e-type=\"section\" data-settings=\"{&quot;background_background&quot;:&quot;gradient&quot;}\">\n\t\t\t\t\t\t\t<div class=\"elementor-background-overlay\"><\/div>\n\t\t\t\t\t\t\t<div class=\"elementor-container elementor-column-gap-default\">\n\t\t\t\t\t<div class=\"elementor-column elementor-col-100 elementor-top-column elementor-element elementor-element-7133f2b5\" data-id=\"7133f2b5\" data-element_type=\"column\" data-e-type=\"column\">\n\t\t\t<div class=\"elementor-widget-wrap elementor-element-populated\">\n\t\t\t\t\t\t<section class=\"elementor-section elementor-inner-section elementor-element elementor-element-68d6bf55 elementor-section-boxed elementor-section-height-default elementor-section-height-default\" data-id=\"68d6bf55\" data-element_type=\"section\" data-e-type=\"section\">\n\t\t\t\t\t\t<div class=\"elementor-container elementor-column-gap-default\">\n\t\t\t\t\t<div class=\"elementor-column elementor-col-50 elementor-inner-column elementor-element elementor-element-fd5fc9f\" data-id=\"fd5fc9f\" data-element_type=\"column\" data-e-type=\"column\">\n\t\t\t<div class=\"elementor-widget-wrap elementor-element-populated\">\n\t\t\t\t\t\t<div class=\"elementor-element elementor-element-675afc8c elementor-widget elementor-widget-uael-infobox\" data-id=\"675afc8c\" data-element_type=\"widget\" data-e-type=\"widget\" data-widget_type=\"uael-infobox.default\">\n\t\t\t\t<div class=\"elementor-widget-container\">\n\t\t\t\t\t\n<div class=\"uael-module-content uael-infobox uael-imgicon-style-circle  infobox-has-icon uael-infobox-icon-above-title  uael-infobox-link-type-none\">\n\t<div class=\"uael-infobox-left-right-wrap\">\n\t\t\t\t\t\t<div class=\"uael-infobox-content\">\n\t\t\t\t\t\t\t<div class=\"uael-module-content uael-imgicon-wrap\">\t\t\t\t\t\t\t\t\t\t\t\t\t\t\t\t\t\t<div class=\"uael-icon-wrap elementor-animation-\">\n\t\t\t\t\t\t\t\t<span class=\"uael-icon\">\n\t\t\t\t\t\t\t\t\t<i aria-hidden=\"true\" class=\"fas fa-truck\"><\/i>\t\t\t\t\t\t\t\t<\/span>\n\t\t\t\t\t\t\t<\/div>\n\t\t\t\t\t\t\t\n\t\t\t\t\t\t\t\t\t\t\t\t\t\t<\/div>\n\t\t\t\t\t\t\t<div class='uael-infobox-title-wrap'><h2 class=\"uael-infobox-title elementor-inline-editing\" data-elementor-setting-key=\"infobox_title\" data-elementor-inline-editing-toolbar=\"basic\" >The latest<\/h2><\/div>\t\t\t\t\t\t\t\t\t<div class=\"uael-infobox-text-wrap\">\n\t\t\t\t<div class=\"uael-infobox-text elementor-inline-editing\" data-elementor-setting-key=\"infobox_description\" data-elementor-inline-editing-toolbar=\"advanced\">\n\t\t\t\t\t<p>Our stage trucks are equipped with the latest technologies and innovative features to ensure an impressive show at every event.&nbsp;<\/p><p>From spacious stages and spectacular lighting systems to high-fidelity sound and high-resolution LED screens, every detail has been carefully designed to provide you with an unrivaled experience.<\/p>\t\t\t\t<\/div>\n\t\t\t\t\t\n\t\t\t\t\t\t\t<\/div>\n\t\t<\/div>\n\t\t\t<\/div>\n<\/div>\n\t\t\t\t<\/div>\n\t\t\t\t<\/div>\n\t\t\t\t\t<\/div>\n\t\t<\/div>\n\t\t\t\t<div class=\"elementor-column elementor-col-50 elementor-inner-column elementor-element elementor-element-62a3102f\" data-id=\"62a3102f\" data-element_type=\"column\" data-e-type=\"column\">\n\t\t\t<div class=\"elementor-widget-wrap elementor-element-populated\">\n\t\t\t\t\t\t<div class=\"elementor-element elementor-element-73936d8 elementor-widget elementor-widget-uael-infobox\" data-id=\"73936d8\" data-element_type=\"widget\" data-e-type=\"widget\" data-widget_type=\"uael-infobox.default\">\n\t\t\t\t<div class=\"elementor-widget-container\">\n\t\t\t\t\t\n<div class=\"uael-module-content uael-infobox uael-imgicon-style-circle  infobox-has-icon uael-infobox-icon-above-title  uael-infobox-link-type-none\">\n\t<div class=\"uael-infobox-left-right-wrap\">\n\t\t\t\t\t\t<div class=\"uael-infobox-content\">\n\t\t\t\t\t\t\t<div class=\"uael-module-content uael-imgicon-wrap\">\t\t\t\t\t\t\t\t\t\t\t\t\t\t\t\t\t\t<div class=\"uael-icon-wrap elementor-animation-\">\n\t\t\t\t\t\t\t\t<span class=\"uael-icon\">\n\t\t\t\t\t\t\t\t\t<i aria-hidden=\"true\" class=\"fas fa-expand-arrows-alt\"><\/i>\t\t\t\t\t\t\t\t<\/span>\n\t\t\t\t\t\t\t<\/div>\n\t\t\t\t\t\t\t\n\t\t\t\t\t\t\t\t\t\t\t\t\t\t<\/div>\n\t\t\t\t\t\t\t<div class='uael-infobox-title-wrap'><h2 class=\"uael-infobox-title elementor-inline-editing\" data-elementor-setting-key=\"infobox_title\" data-elementor-inline-editing-toolbar=\"basic\" >Flexibility<\/h2><\/div>\t\t\t\t\t\t\t\t\t<div class=\"uael-infobox-text-wrap\">\n\t\t\t\t<div class=\"uael-infobox-text elementor-inline-editing\" data-elementor-setting-key=\"infobox_description\" data-elementor-inline-editing-toolbar=\"advanced\">\n\t\t\t\t\t<p>Whether you&#039;re hosting a concert in an urban park, a product presentation at a trade show, or an outdoor festival, our stage trucks offer the flexibility and adaptability needed to make your event a success.&nbsp;<\/p><p>With custom configuration options and a wide range of additional services available, we can adapt to your specific needs and ensure your vision becomes a reality.<\/p>\t\t\t\t<\/div>\n\t\t\t\t\t\n\t\t\t\t\t\t\t<\/div>\n\t\t<\/div>\n\t\t\t<\/div>\n<\/div>\n\t\t\t\t<\/div>\n\t\t\t\t<\/div>\n\t\t\t\t\t<\/div>\n\t\t<\/div>\n\t\t\t\t\t<\/div>\n\t\t<\/section>\n\t\t\t\t\t<\/div>\n\t\t<\/div>\n\t\t\t\t\t<\/div>\n\t\t<\/section>\n\t\t\t\t<section class=\"elementor-section elementor-top-section elementor-element elementor-element-6a52e9c1 elementor-section-boxed elementor-section-height-default elementor-section-height-default\" data-id=\"6a52e9c1\" data-element_type=\"section\" data-e-type=\"section\" data-settings=\"{&quot;background_background&quot;:&quot;classic&quot;}\">\n\t\t\t\t\t\t\t<div class=\"elementor-background-overlay\"><\/div>\n\t\t\t\t\t\t\t<div class=\"elementor-container elementor-column-gap-default\">\n\t\t\t\t\t<div class=\"elementor-column elementor-col-100 elementor-top-column elementor-element elementor-element-9670d9e\" data-id=\"9670d9e\" data-element_type=\"column\" data-e-type=\"column\">\n\t\t\t<div class=\"elementor-widget-wrap elementor-element-populated\">\n\t\t\t\t\t\t<div class=\"elementor-element elementor-element-8720d65 elementor-widget elementor-widget-heading\" data-id=\"8720d65\" data-element_type=\"widget\" data-e-type=\"widget\" data-widget_type=\"heading.default\">\n\t\t\t\t<div class=\"elementor-widget-container\">\n\t\t\t\t\t<h2 class=\"elementor-heading-title elementor-size-default\">Integral service<\/h2>\t\t\t\t<\/div>\n\t\t\t\t<\/div>\n\t\t\t\t<div class=\"elementor-element elementor-element-240a3465 elementor-widget elementor-widget-text-editor\" data-id=\"240a3465\" data-element_type=\"widget\" data-e-type=\"widget\" data-widget_type=\"text-editor.default\">\n\t\t\t\t<div class=\"elementor-widget-container\">\n\t\t\t\t\t\t\t\t\t<p>Our team of highly trained professionals will handle all aspects of stage truck rental, from delivery and installation to operation and disassembly.\u00a0<\/p><p>With years of experience in the live events industry, you can trust us to provide you with a comprehensive, hassle-free service that allows you to focus on what matters most: making your event unforgettable!<\/p>\t\t\t\t\t\t\t\t<\/div>\n\t\t\t\t<\/div>\n\t\t\t\t\t<\/div>\n\t\t<\/div>\n\t\t\t\t\t<\/div>\n\t\t<\/section>\n\t\t\t\t<section class=\"elementor-section elementor-top-section elementor-element elementor-element-35746b02 elementor-section-boxed elementor-section-height-default elementor-section-height-default\" data-id=\"35746b02\" data-element_type=\"section\" data-e-type=\"section\" data-settings=\"{&quot;background_background&quot;:&quot;classic&quot;}\">\n\t\t\t\t\t\t\t<div class=\"elementor-background-overlay\"><\/div>\n\t\t\t\t\t\t\t<div class=\"elementor-container elementor-column-gap-default\">\n\t\t\t\t\t<div class=\"elementor-column elementor-col-100 elementor-top-column elementor-element elementor-element-5cbaf32e\" data-id=\"5cbaf32e\" data-element_type=\"column\" data-e-type=\"column\">\n\t\t\t<div class=\"elementor-widget-wrap elementor-element-populated\">\n\t\t\t\t\t\t<section class=\"elementor-section elementor-inner-section elementor-element elementor-element-27eb9092 elementor-section-content-middle elementor-section-boxed elementor-section-height-default elementor-section-height-default\" data-id=\"27eb9092\" data-element_type=\"section\" data-e-type=\"section\">\n\t\t\t\t\t\t<div class=\"elementor-container elementor-column-gap-default\">\n\t\t\t\t\t<div class=\"elementor-column elementor-col-50 elementor-inner-column elementor-element elementor-element-72128341\" data-id=\"72128341\" data-element_type=\"column\" data-e-type=\"column\">\n\t\t\t<div class=\"elementor-widget-wrap elementor-element-populated\">\n\t\t\t\t\t\t<div class=\"elementor-element elementor-element-6f7d44bd elementor-widget elementor-widget-heading\" data-id=\"6f7d44bd\" data-element_type=\"widget\" data-e-type=\"widget\" data-widget_type=\"heading.default\">\n\t\t\t\t<div class=\"elementor-widget-container\">\n\t\t\t\t\t<h3 class=\"elementor-heading-title elementor-size-default\">Reserve your stage truck<\/h3>\t\t\t\t<\/div>\n\t\t\t\t<\/div>\n\t\t\t\t<div class=\"elementor-element elementor-element-54c17406 elementor-widget elementor-widget-text-editor\" data-id=\"54c17406\" data-element_type=\"widget\" data-e-type=\"widget\" data-widget_type=\"text-editor.default\">\n\t\t\t\t<div class=\"elementor-widget-container\">\n\t\t\t\t\t\t\t\t\t<p>Ready to take your event to the next level with one of our stage trucks? Contact our team today to learn more and reserve your date!<\/p>\t\t\t\t\t\t\t\t<\/div>\n\t\t\t\t<\/div>\n\t\t\t\t\t<\/div>\n\t\t<\/div>\n\t\t\t\t<div class=\"elementor-column elementor-col-50 elementor-inner-column elementor-element elementor-element-7f07eb60\" data-id=\"7f07eb60\" data-element_type=\"column\" data-e-type=\"column\">\n\t\t\t<div class=\"elementor-widget-wrap elementor-element-populated\">\n\t\t\t\t\t\t<div class=\"elementor-element elementor-element-4829dee2 elementor-align-right elementor-widget elementor-widget-button\" data-id=\"4829dee2\" data-element_type=\"widget\" data-e-type=\"widget\" data-widget_type=\"button.default\">\n\t\t\t\t<div class=\"elementor-widget-container\">\n\t\t\t\t\t\t\t\t\t<div class=\"elementor-button-wrapper\">\n\t\t\t\t\t<a class=\"elementor-button elementor-button-link elementor-size-sm\" href=\"https:\/\/www.20khzpro.com\/en\/contact\/\">\n\t\t\t\t\t\t<span class=\"elementor-button-content-wrapper\">\n\t\t\t\t\t\t\t\t\t<span class=\"elementor-button-text\">Contact<\/span>\n\t\t\t\t\t<\/span>\n\t\t\t\t\t<\/a>\n\t\t\t\t<\/div>\n\t\t\t\t\t\t\t\t<\/div>\n\t\t\t\t<\/div>\n\t\t\t\t\t<\/div>\n\t\t<\/div>\n\t\t\t\t\t<\/div>\n\t\t<\/section>\n\t\t\t\t\t<\/div>\n\t\t<\/div>\n\t\t\t\t\t<\/div>\n\t\t<\/section>\n\t\t\t\t<\/div>","protected":false},"excerpt":{"rendered":"<p>Camiones escenario Nos adaptamos a tu evento Llevando tu evento al siguiente nivel En 20kHz Producciones, ofrecemos un servicio exclusivo de alquiler de camiones escenario que transformar\u00e1 por completo la forma en que experimentas los eventos en vivo. Nuestros camiones escenario est\u00e1n dise\u00f1ados para brindarte una plataforma vers\u00e1til y de alto rendimiento que se adapta [&hellip;]<\/p>\n","protected":false},"author":1,"featured_media":0,"parent":0,"menu_order":5,"comment_status":"closed","ping_status":"closed","template":"","meta":{"_joinchat":[],"footnotes":""},"class_list":["post-562","page","type-page","status-publish","hentry"],"yoast_head":"<!-- This site is optimized with the Yoast SEO plugin v27.4 - https:\/\/yoast.com\/product\/yoast-seo-wordpress\/ -->\n<title>Camiones escenario - Grupo 20kHz Producciones<\/title>\n<meta name=\"description\" content=\"Lleva tu evento al siguiente nivel con nuestros camiones escenario. Flexibles, equipados con lo \u00faltimo y con un servicio integral. \u00a1Cont\u00e1ctanos para reservar tu fecha!\" \/>\n<meta name=\"robots\" content=\"index, follow, max-snippet:-1, max-image-preview:large, max-video-preview:-1\" \/>\n<link rel=\"canonical\" href=\"https:\/\/www.20khzpro.com\/en\/stage-trucks\/\" \/>\n<meta property=\"og:locale\" content=\"en_US\" \/>\n<meta property=\"og:type\" content=\"article\" \/>\n<meta property=\"og:title\" content=\"Camiones escenario - Grupo 20kHz Producciones\" \/>\n<meta property=\"og:description\" content=\"Lleva tu evento al siguiente nivel con nuestros camiones escenario. Flexibles, equipados con lo \u00faltimo y con un servicio integral. \u00a1Cont\u00e1ctanos para reservar tu fecha!\" \/>\n<meta property=\"og:url\" content=\"https:\/\/www.20khzpro.com\/en\/stage-trucks\/\" \/>\n<meta property=\"og:site_name\" content=\"Grupo 20kHz Producciones\" \/>\n<meta property=\"article:publisher\" content=\"https:\/\/www.facebook.com\/20khzproducciones\" \/>\n<meta property=\"article:modified_time\" content=\"2024-03-01T12:23:44+00:00\" \/>\n<meta property=\"og:image\" content=\"https:\/\/www.20khzpro.com\/wp-content\/uploads\/2024\/03\/20khz-producciones.png\" \/>\n\t<meta property=\"og:image:width\" content=\"1200\" \/>\n\t<meta property=\"og:image:height\" content=\"675\" \/>\n\t<meta property=\"og:image:type\" content=\"image\/png\" \/>\n<meta name=\"twitter:card\" content=\"summary_large_image\" \/>\n<script type=\"application\/ld+json\" class=\"yoast-schema-graph\">{\"@context\":\"https:\\\/\\\/schema.org\",\"@graph\":[{\"@type\":\"WebPage\",\"@id\":\"https:\\\/\\\/www.20khzpro.com\\\/camiones-escenario\\\/\",\"url\":\"https:\\\/\\\/www.20khzpro.com\\\/camiones-escenario\\\/\",\"name\":\"Camiones escenario - Grupo 20kHz Producciones\",\"isPartOf\":{\"@id\":\"https:\\\/\\\/www.20khzpro.com\\\/#website\"},\"datePublished\":\"2024-02-27T11:35:54+00:00\",\"dateModified\":\"2024-03-01T12:23:44+00:00\",\"description\":\"Lleva tu evento al siguiente nivel con nuestros camiones escenario. Flexibles, equipados con lo \u00faltimo y con un servicio integral. \u00a1Cont\u00e1ctanos para reservar tu fecha!\",\"breadcrumb\":{\"@id\":\"https:\\\/\\\/www.20khzpro.com\\\/camiones-escenario\\\/#breadcrumb\"},\"inLanguage\":\"en-US\",\"potentialAction\":[{\"@type\":\"ReadAction\",\"target\":[\"https:\\\/\\\/www.20khzpro.com\\\/camiones-escenario\\\/\"]}]},{\"@type\":\"BreadcrumbList\",\"@id\":\"https:\\\/\\\/www.20khzpro.com\\\/camiones-escenario\\\/#breadcrumb\",\"itemListElement\":[{\"@type\":\"ListItem\",\"position\":1,\"name\":\"Inicio\",\"item\":\"https:\\\/\\\/www.20khzpro.com\\\/\"},{\"@type\":\"ListItem\",\"position\":2,\"name\":\"Camiones escenario\"}]},{\"@type\":\"WebSite\",\"@id\":\"https:\\\/\\\/www.20khzpro.com\\\/#website\",\"url\":\"https:\\\/\\\/www.20khzpro.com\\\/\",\"name\":\"Grupo 20Kkz Producciones\",\"description\":\"Servicios para el espect\u00e1culo y bandas musicales\",\"publisher\":{\"@id\":\"https:\\\/\\\/www.20khzpro.com\\\/#organization\"},\"potentialAction\":[{\"@type\":\"SearchAction\",\"target\":{\"@type\":\"EntryPoint\",\"urlTemplate\":\"https:\\\/\\\/www.20khzpro.com\\\/?s={search_term_string}\"},\"query-input\":{\"@type\":\"PropertyValueSpecification\",\"valueRequired\":true,\"valueName\":\"search_term_string\"}}],\"inLanguage\":\"en-US\"},{\"@type\":\"Organization\",\"@id\":\"https:\\\/\\\/www.20khzpro.com\\\/#organization\",\"name\":\"Grupo 20Kkz Producciones\",\"url\":\"https:\\\/\\\/www.20khzpro.com\\\/\",\"logo\":{\"@type\":\"ImageObject\",\"inLanguage\":\"en-US\",\"@id\":\"https:\\\/\\\/www.20khzpro.com\\\/#\\\/schema\\\/logo\\\/image\\\/\",\"url\":\"https:\\\/\\\/www.20khzpro.com\\\/wp-content\\\/uploads\\\/2024\\\/03\\\/20khz-producciones.png\",\"contentUrl\":\"https:\\\/\\\/www.20khzpro.com\\\/wp-content\\\/uploads\\\/2024\\\/03\\\/20khz-producciones.png\",\"width\":1200,\"height\":675,\"caption\":\"Grupo 20Kkz Producciones\"},\"image\":{\"@id\":\"https:\\\/\\\/www.20khzpro.com\\\/#\\\/schema\\\/logo\\\/image\\\/\"},\"sameAs\":[\"https:\\\/\\\/www.facebook.com\\\/20khzproducciones\",\"https:\\\/\\\/www.instagram.com\\\/20khzproducciones\"]}]}<\/script>\n<!-- \/ Yoast SEO plugin. -->","yoast_head_json":{"title":"Stage trucks - Grupo 20kHz Producciones","description":"Take your event to the next level with our stage trucks. Flexible, equipped with the latest and with a comprehensive service. Contact us to reserve your date!","robots":{"index":"index","follow":"follow","max-snippet":"max-snippet:-1","max-image-preview":"max-image-preview:large","max-video-preview":"max-video-preview:-1"},"canonical":"https:\/\/www.20khzpro.com\/en\/stage-trucks\/","og_locale":"en_US","og_type":"article","og_title":"Camiones escenario - Grupo 20kHz Producciones","og_description":"Lleva tu evento al siguiente nivel con nuestros camiones escenario. Flexibles, equipados con lo \u00faltimo y con un servicio integral. \u00a1Cont\u00e1ctanos para reservar tu fecha!","og_url":"https:\/\/www.20khzpro.com\/en\/stage-trucks\/","og_site_name":"Grupo 20kHz Producciones","article_publisher":"https:\/\/www.facebook.com\/20khzproducciones","article_modified_time":"2024-03-01T12:23:44+00:00","og_image":[{"width":1200,"height":675,"url":"https:\/\/www.20khzpro.com\/wp-content\/uploads\/2024\/03\/20khz-producciones.png","type":"image\/png"}],"twitter_card":"summary_large_image","schema":{"@context":"https:\/\/schema.org","@graph":[{"@type":"WebPage","@id":"https:\/\/www.20khzpro.com\/camiones-escenario\/","url":"https:\/\/www.20khzpro.com\/camiones-escenario\/","name":"Stage trucks - Grupo 20kHz Producciones","isPartOf":{"@id":"https:\/\/www.20khzpro.com\/#website"},"datePublished":"2024-02-27T11:35:54+00:00","dateModified":"2024-03-01T12:23:44+00:00","description":"Take your event to the next level with our stage trucks. Flexible, equipped with the latest and with a comprehensive service. Contact us to reserve your date!","breadcrumb":{"@id":"https:\/\/www.20khzpro.com\/camiones-escenario\/#breadcrumb"},"inLanguage":"en-US","potentialAction":[{"@type":"ReadAction","target":["https:\/\/www.20khzpro.com\/camiones-escenario\/"]}]},{"@type":"BreadcrumbList","@id":"https:\/\/www.20khzpro.com\/camiones-escenario\/#breadcrumb","itemListElement":[{"@type":"ListItem","position":1,"name":"Inicio","item":"https:\/\/www.20khzpro.com\/"},{"@type":"ListItem","position":2,"name":"Camiones escenario"}]},{"@type":"WebSite","@id":"https:\/\/www.20khzpro.com\/#website","url":"https:\/\/www.20khzpro.com\/","name":"20Kkz Productions Group","description":"Services for entertainment and musical bands","publisher":{"@id":"https:\/\/www.20khzpro.com\/#organization"},"potentialAction":[{"@type":"SearchAction","target":{"@type":"EntryPoint","urlTemplate":"https:\/\/www.20khzpro.com\/?s={search_term_string}"},"query-input":{"@type":"PropertyValueSpecification","valueRequired":true,"valueName":"search_term_string"}}],"inLanguage":"en-US"},{"@type":"Organization","@id":"https:\/\/www.20khzpro.com\/#organization","name":"20Kkz Productions Group","url":"https:\/\/www.20khzpro.com\/","logo":{"@type":"ImageObject","inLanguage":"en-US","@id":"https:\/\/www.20khzpro.com\/#\/schema\/logo\/image\/","url":"https:\/\/www.20khzpro.com\/wp-content\/uploads\/2024\/03\/20khz-producciones.png","contentUrl":"https:\/\/www.20khzpro.com\/wp-content\/uploads\/2024\/03\/20khz-producciones.png","width":1200,"height":675,"caption":"Grupo 20Kkz Producciones"},"image":{"@id":"https:\/\/www.20khzpro.com\/#\/schema\/logo\/image\/"},"sameAs":["https:\/\/www.facebook.com\/20khzproducciones","https:\/\/www.instagram.com\/20khzproducciones"]}]}},"_links":{"self":[{"href":"https:\/\/www.20khzpro.com\/en\/wp-json\/wp\/v2\/pages\/562","targetHints":{"allow":["GET"]}}],"collection":[{"href":"https:\/\/www.20khzpro.com\/en\/wp-json\/wp\/v2\/pages"}],"about":[{"href":"https:\/\/www.20khzpro.com\/en\/wp-json\/wp\/v2\/types\/page"}],"author":[{"embeddable":true,"href":"https:\/\/www.20khzpro.com\/en\/wp-json\/wp\/v2\/users\/1"}],"replies":[{"embeddable":true,"href":"https:\/\/www.20khzpro.com\/en\/wp-json\/wp\/v2\/comments?post=562"}],"version-history":[{"count":17,"href":"https:\/\/www.20khzpro.com\/en\/wp-json\/wp\/v2\/pages\/562\/revisions"}],"predecessor-version":[{"id":828,"href":"https:\/\/www.20khzpro.com\/en\/wp-json\/wp\/v2\/pages\/562\/revisions\/828"}],"wp:attachment":[{"href":"https:\/\/www.20khzpro.com\/en\/wp-json\/wp\/v2\/media?parent=562"}],"curies":[{"name":"wp","href":"https:\/\/api.w.org\/{rel}","templated":true}]}}