{"id":560,"date":"2024-02-27T12:35:40","date_gmt":"2024-02-27T11:35:40","guid":{"rendered":"https:\/\/www.20khzpro.com\/?page_id=560"},"modified":"2024-03-01T13:24:21","modified_gmt":"2024-03-01T12:24:21","slug":"sound-effects","status":"publish","type":"page","link":"https:\/\/www.20khzpro.com\/en\/sonorizaciones\/","title":{"rendered":"Sound reinforcement"},"content":{"rendered":"<div data-elementor-type=\"wp-page\" data-elementor-id=\"560\" class=\"elementor elementor-560\" data-elementor-post-type=\"page\">\n\t\t\t\t\t\t<section class=\"elementor-section elementor-top-section elementor-element elementor-element-7b2e0e3b elementor-section-height-min-height elementor-section-boxed elementor-section-height-default elementor-section-items-middle\" data-id=\"7b2e0e3b\" data-element_type=\"section\" data-e-type=\"section\" data-settings=\"{&quot;background_background&quot;:&quot;classic&quot;}\">\n\t\t\t\t\t\t\t<div class=\"elementor-background-overlay\"><\/div>\n\t\t\t\t\t\t\t<div class=\"elementor-container elementor-column-gap-default\">\n\t\t\t\t\t<div class=\"elementor-column elementor-col-50 elementor-top-column elementor-element elementor-element-767fd75d\" data-id=\"767fd75d\" data-element_type=\"column\" data-e-type=\"column\">\n\t\t\t<div class=\"elementor-widget-wrap elementor-element-populated\">\n\t\t\t\t\t\t<div class=\"elementor-element elementor-element-5f0f59b0 elementor-widget elementor-widget-heading\" data-id=\"5f0f59b0\" data-element_type=\"widget\" data-e-type=\"widget\" data-widget_type=\"heading.default\">\n\t\t\t\t<div class=\"elementor-widget-container\">\n\t\t\t\t\t<h1 class=\"elementor-heading-title elementor-size-default\">Sound reinforcement<\/h1>\t\t\t\t<\/div>\n\t\t\t\t<\/div>\n\t\t\t\t\t<\/div>\n\t\t<\/div>\n\t\t\t\t<div class=\"elementor-column elementor-col-50 elementor-top-column elementor-element elementor-element-6cf7f845\" data-id=\"6cf7f845\" data-element_type=\"column\" data-e-type=\"column\">\n\t\t\t<div class=\"elementor-widget-wrap\">\n\t\t\t\t\t\t\t<\/div>\n\t\t<\/div>\n\t\t\t\t\t<\/div>\n\t\t<\/section>\n\t\t\t\t<section class=\"elementor-section elementor-top-section elementor-element elementor-element-155aa9d9 elementor-section-boxed elementor-section-height-default elementor-section-height-default\" data-id=\"155aa9d9\" data-element_type=\"section\" data-e-type=\"section\" data-settings=\"{&quot;background_background&quot;:&quot;classic&quot;}\">\n\t\t\t\t\t\t<div class=\"elementor-container elementor-column-gap-default\">\n\t\t\t\t\t<div class=\"elementor-column elementor-col-100 elementor-top-column elementor-element elementor-element-4882ce0a\" data-id=\"4882ce0a\" data-element_type=\"column\" data-e-type=\"column\">\n\t\t\t<div class=\"elementor-widget-wrap elementor-element-populated\">\n\t\t\t\t\t\t<div class=\"elementor-element elementor-element-5d09f360 elementor-widget elementor-widget-heading\" data-id=\"5d09f360\" data-element_type=\"widget\" data-e-type=\"widget\" data-widget_type=\"heading.default\">\n\t\t\t\t<div class=\"elementor-widget-container\">\n\t\t\t\t\t<div class=\"elementor-heading-title elementor-size-default\">20kHz<\/div>\t\t\t\t<\/div>\n\t\t\t\t<\/div>\n\t\t\t\t<div class=\"elementor-element elementor-element-4886df22 elementor-widget elementor-widget-heading\" data-id=\"4886df22\" data-element_type=\"widget\" data-e-type=\"widget\" data-widget_type=\"heading.default\">\n\t\t\t\t<div class=\"elementor-widget-container\">\n\t\t\t\t\t<h2 class=\"elementor-heading-title elementor-size-default\">Professional sound system<\/h2>\t\t\t\t<\/div>\n\t\t\t\t<\/div>\n\t\t\t\t<div class=\"elementor-element elementor-element-72e93e4a elementor-widget elementor-widget-text-editor\" data-id=\"72e93e4a\" data-element_type=\"widget\" data-e-type=\"widget\" data-widget_type=\"text-editor.default\">\n\t\t\t\t<div class=\"elementor-widget-container\">\n\t\t\t\t\t\t\t\t\t<p>At 20kHz Producciones, we offer a complete sound system service for all types of events, from conferences and concerts to weddings and private parties.<\/p><p>With our experience and state-of-the-art equipment, we guarantee exceptional sound quality and an unforgettable listening experience for your audience.<\/p>\t\t\t\t\t\t\t\t<\/div>\n\t\t\t\t<\/div>\n\t\t\t\t\t<\/div>\n\t\t<\/div>\n\t\t\t\t\t<\/div>\n\t\t<\/section>\n\t\t\t\t<section class=\"elementor-section elementor-top-section elementor-element elementor-element-196e3cdf elementor-section-boxed elementor-section-height-default elementor-section-height-default\" data-id=\"196e3cdf\" data-element_type=\"section\" data-e-type=\"section\" data-settings=\"{&quot;background_background&quot;:&quot;gradient&quot;}\">\n\t\t\t\t\t\t\t<div class=\"elementor-background-overlay\"><\/div>\n\t\t\t\t\t\t\t<div class=\"elementor-container elementor-column-gap-default\">\n\t\t\t\t\t<div class=\"elementor-column elementor-col-100 elementor-top-column elementor-element elementor-element-2af60293\" data-id=\"2af60293\" data-element_type=\"column\" data-e-type=\"column\">\n\t\t\t<div class=\"elementor-widget-wrap elementor-element-populated\">\n\t\t\t\t\t\t<section class=\"elementor-section elementor-inner-section elementor-element elementor-element-1d54cf4d elementor-section-boxed elementor-section-height-default elementor-section-height-default\" data-id=\"1d54cf4d\" data-element_type=\"section\" data-e-type=\"section\">\n\t\t\t\t\t\t<div class=\"elementor-container elementor-column-gap-default\">\n\t\t\t\t\t<div class=\"elementor-column elementor-col-50 elementor-inner-column elementor-element elementor-element-34a3603\" data-id=\"34a3603\" data-element_type=\"column\" data-e-type=\"column\">\n\t\t\t<div class=\"elementor-widget-wrap elementor-element-populated\">\n\t\t\t\t\t\t<div class=\"elementor-element elementor-element-19a6e9e0 elementor-widget elementor-widget-uael-infobox\" data-id=\"19a6e9e0\" data-element_type=\"widget\" data-e-type=\"widget\" data-widget_type=\"uael-infobox.default\">\n\t\t\t\t<div class=\"elementor-widget-container\">\n\t\t\t\t\t\n<div class=\"uael-module-content uael-infobox uael-imgicon-style-circle  infobox-has-icon uael-infobox-icon-above-title  uael-infobox-link-type-none\">\n\t<div class=\"uael-infobox-left-right-wrap\">\n\t\t\t\t\t\t<div class=\"uael-infobox-content\">\n\t\t\t\t\t\t\t<div class=\"uael-module-content uael-imgicon-wrap\">\t\t\t\t\t\t\t\t\t\t\t\t\t\t\t\t\t\t<div class=\"uael-icon-wrap elementor-animation-\">\n\t\t\t\t\t\t\t\t<span class=\"uael-icon\">\n\t\t\t\t\t\t\t\t\t<i aria-hidden=\"true\" class=\"fas fa-user-check\"><\/i>\t\t\t\t\t\t\t\t<\/span>\n\t\t\t\t\t\t\t<\/div>\n\t\t\t\t\t\t\t\n\t\t\t\t\t\t\t\t\t\t\t\t\t\t<\/div>\n\t\t\t\t\t\t\t<div class='uael-infobox-title-wrap'><h2 class=\"uael-infobox-title elementor-inline-editing\" data-elementor-setting-key=\"infobox_title\" data-elementor-inline-editing-toolbar=\"basic\" >We adapt to you<\/h2><\/div>\t\t\t\t\t\t\t\t\t<div class=\"uael-infobox-text-wrap\">\n\t\t\t\t<div class=\"uael-infobox-text elementor-inline-editing\" data-elementor-setting-key=\"infobox_description\" data-elementor-inline-editing-toolbar=\"advanced\">\n\t\t\t\t\t<p>We understand that each event is unique, which is why we offer personalized sound solutions adapted to your specific needs.&nbsp;<\/p><p>Whether you are hosting an event indoors or outdoors, in a small space or on a large stage, our team will work with you to design a sound system that perfectly fits your environment and audience.<\/p>\t\t\t\t<\/div>\n\t\t\t\t\t\n\t\t\t\t\t\t\t<\/div>\n\t\t<\/div>\n\t\t\t<\/div>\n<\/div>\n\t\t\t\t<\/div>\n\t\t\t\t<\/div>\n\t\t\t\t\t<\/div>\n\t\t<\/div>\n\t\t\t\t<div class=\"elementor-column elementor-col-50 elementor-inner-column elementor-element elementor-element-4063c694\" data-id=\"4063c694\" data-element_type=\"column\" data-e-type=\"column\">\n\t\t\t<div class=\"elementor-widget-wrap elementor-element-populated\">\n\t\t\t\t\t\t<div class=\"elementor-element elementor-element-3b1b7648 elementor-widget elementor-widget-uael-infobox\" data-id=\"3b1b7648\" data-element_type=\"widget\" data-e-type=\"widget\" data-widget_type=\"uael-infobox.default\">\n\t\t\t\t<div class=\"elementor-widget-container\">\n\t\t\t\t\t\n<div class=\"uael-module-content uael-infobox uael-imgicon-style-circle  infobox-has-icon uael-infobox-icon-above-title  uael-infobox-link-type-none\">\n\t<div class=\"uael-infobox-left-right-wrap\">\n\t\t\t\t\t\t<div class=\"uael-infobox-content\">\n\t\t\t\t\t\t\t<div class=\"uael-module-content uael-imgicon-wrap\">\t\t\t\t\t\t\t\t\t\t\t\t\t\t\t\t\t\t<div class=\"uael-icon-wrap elementor-animation-\">\n\t\t\t\t\t\t\t\t<span class=\"uael-icon\">\n\t\t\t\t\t\t\t\t\t<i aria-hidden=\"true\" class=\"far fa-keyboard\"><\/i>\t\t\t\t\t\t\t\t<\/span>\n\t\t\t\t\t\t\t<\/div>\n\t\t\t\t\t\t\t\n\t\t\t\t\t\t\t\t\t\t\t\t\t\t<\/div>\n\t\t\t\t\t\t\t<div class='uael-infobox-title-wrap'><h2 class=\"uael-infobox-title elementor-inline-editing\" data-elementor-setting-key=\"infobox_title\" data-elementor-inline-editing-toolbar=\"basic\" >Quality Equipment<\/h2><\/div>\t\t\t\t\t\t\t\t\t<div class=\"uael-infobox-text-wrap\">\n\t\t\t\t<div class=\"uael-infobox-text elementor-inline-editing\" data-elementor-setting-key=\"infobox_description\" data-elementor-inline-editing-toolbar=\"advanced\">\n\t\t\t\t\t<p>Our inventory includes sound equipment from the best brands and cutting-edge technology, guaranteeing exceptional performance at every event.&nbsp;<\/p><p>From speakers and amplifiers to mixers and microphones, every element of our sound system has been carefully selected to give you the best possible audio quality.<\/p>\t\t\t\t<\/div>\n\t\t\t\t\t\n\t\t\t\t\t\t\t<\/div>\n\t\t<\/div>\n\t\t\t<\/div>\n<\/div>\n\t\t\t\t<\/div>\n\t\t\t\t<\/div>\n\t\t\t\t\t<\/div>\n\t\t<\/div>\n\t\t\t\t\t<\/div>\n\t\t<\/section>\n\t\t\t\t\t<\/div>\n\t\t<\/div>\n\t\t\t\t\t<\/div>\n\t\t<\/section>\n\t\t\t\t<section class=\"elementor-section elementor-top-section elementor-element elementor-element-27ce990c elementor-section-boxed elementor-section-height-default elementor-section-height-default\" data-id=\"27ce990c\" data-element_type=\"section\" data-e-type=\"section\" data-settings=\"{&quot;background_background&quot;:&quot;classic&quot;}\">\n\t\t\t\t\t\t\t<div class=\"elementor-background-overlay\"><\/div>\n\t\t\t\t\t\t\t<div class=\"elementor-container elementor-column-gap-default\">\n\t\t\t\t\t<div class=\"elementor-column elementor-col-100 elementor-top-column elementor-element elementor-element-177c289\" data-id=\"177c289\" data-element_type=\"column\" data-e-type=\"column\">\n\t\t\t<div class=\"elementor-widget-wrap elementor-element-populated\">\n\t\t\t\t\t\t<div class=\"elementor-element elementor-element-229c9e8e elementor-widget elementor-widget-heading\" data-id=\"229c9e8e\" data-element_type=\"widget\" data-e-type=\"widget\" data-widget_type=\"heading.default\">\n\t\t\t\t<div class=\"elementor-widget-container\">\n\t\t\t\t\t<h2 class=\"elementor-heading-title elementor-size-default\">Experienced technical staff<\/h2>\t\t\t\t<\/div>\n\t\t\t\t<\/div>\n\t\t\t\t<div class=\"elementor-element elementor-element-45136861 elementor-widget elementor-widget-text-editor\" data-id=\"45136861\" data-element_type=\"widget\" data-e-type=\"widget\" data-widget_type=\"text-editor.default\">\n\t\t\t\t<div class=\"elementor-widget-container\">\n\t\t\t\t\t\t\t\t\t<p>Our technical team is made up of experienced professionals who will be responsible for the installation, configuration and operation of the sound system during your event.<\/p><p>\u00a0With their experience and knowledge, you can rest assured that your sound will be in expert hands and that everything will run smoothly from start to finish.<\/p>\t\t\t\t\t\t\t\t<\/div>\n\t\t\t\t<\/div>\n\t\t\t\t\t<\/div>\n\t\t<\/div>\n\t\t\t\t\t<\/div>\n\t\t<\/section>\n\t\t\t\t<section class=\"elementor-section elementor-top-section elementor-element elementor-element-39dd3e8f elementor-section-boxed elementor-section-height-default elementor-section-height-default\" data-id=\"39dd3e8f\" data-element_type=\"section\" data-e-type=\"section\" data-settings=\"{&quot;background_background&quot;:&quot;classic&quot;}\">\n\t\t\t\t\t\t\t<div class=\"elementor-background-overlay\"><\/div>\n\t\t\t\t\t\t\t<div class=\"elementor-container elementor-column-gap-default\">\n\t\t\t\t\t<div class=\"elementor-column elementor-col-100 elementor-top-column elementor-element elementor-element-6f0f069a\" data-id=\"6f0f069a\" data-element_type=\"column\" data-e-type=\"column\">\n\t\t\t<div class=\"elementor-widget-wrap elementor-element-populated\">\n\t\t\t\t\t\t<section class=\"elementor-section elementor-inner-section elementor-element elementor-element-a3023d7 elementor-section-content-middle elementor-section-boxed elementor-section-height-default elementor-section-height-default\" data-id=\"a3023d7\" data-element_type=\"section\" data-e-type=\"section\">\n\t\t\t\t\t\t<div class=\"elementor-container elementor-column-gap-default\">\n\t\t\t\t\t<div class=\"elementor-column elementor-col-50 elementor-inner-column elementor-element elementor-element-13c7e6a3\" data-id=\"13c7e6a3\" data-element_type=\"column\" data-e-type=\"column\">\n\t\t\t<div class=\"elementor-widget-wrap elementor-element-populated\">\n\t\t\t\t\t\t<div class=\"elementor-element elementor-element-12a3ea42 elementor-widget elementor-widget-heading\" data-id=\"12a3ea42\" data-element_type=\"widget\" data-e-type=\"widget\" data-widget_type=\"heading.default\">\n\t\t\t\t<div class=\"elementor-widget-container\">\n\t\t\t\t\t<h3 class=\"elementor-heading-title elementor-size-default\">Hire us<\/h3>\t\t\t\t<\/div>\n\t\t\t\t<\/div>\n\t\t\t\t<div class=\"elementor-element elementor-element-1330bf40 elementor-widget elementor-widget-text-editor\" data-id=\"1330bf40\" data-element_type=\"widget\" data-e-type=\"widget\" data-widget_type=\"text-editor.default\">\n\t\t\t\t<div class=\"elementor-widget-container\">\n\t\t\t\t\t\t\t\t\t<p>Ready to take your event sound to the next level? Book our sound system service today and make sure your audience enjoys an unparalleled listening experience!<\/p>\t\t\t\t\t\t\t\t<\/div>\n\t\t\t\t<\/div>\n\t\t\t\t\t<\/div>\n\t\t<\/div>\n\t\t\t\t<div class=\"elementor-column elementor-col-50 elementor-inner-column elementor-element elementor-element-301939ca\" data-id=\"301939ca\" data-element_type=\"column\" data-e-type=\"column\">\n\t\t\t<div class=\"elementor-widget-wrap elementor-element-populated\">\n\t\t\t\t\t\t<div class=\"elementor-element elementor-element-313cb0fb elementor-align-right elementor-widget elementor-widget-button\" data-id=\"313cb0fb\" data-element_type=\"widget\" data-e-type=\"widget\" data-widget_type=\"button.default\">\n\t\t\t\t<div class=\"elementor-widget-container\">\n\t\t\t\t\t\t\t\t\t<div class=\"elementor-button-wrapper\">\n\t\t\t\t\t<a class=\"elementor-button elementor-button-link elementor-size-sm\" href=\"https:\/\/www.20khzpro.com\/en\/contact\/\">\n\t\t\t\t\t\t<span class=\"elementor-button-content-wrapper\">\n\t\t\t\t\t\t\t\t\t<span class=\"elementor-button-text\">Contact<\/span>\n\t\t\t\t\t<\/span>\n\t\t\t\t\t<\/a>\n\t\t\t\t<\/div>\n\t\t\t\t\t\t\t\t<\/div>\n\t\t\t\t<\/div>\n\t\t\t\t\t<\/div>\n\t\t<\/div>\n\t\t\t\t\t<\/div>\n\t\t<\/section>\n\t\t\t\t\t<\/div>\n\t\t<\/div>\n\t\t\t\t\t<\/div>\n\t\t<\/section>\n\t\t\t\t<\/div>","protected":false},"excerpt":{"rendered":"<p>Sonorizaciones 20kHz Servicio de sonorizaci\u00f3n profesional En 20kHz Producciones, ofrecemos un servicio completo de sonorizaci\u00f3n para todo tipo de eventos, desde conferencias y conciertos hasta bodas y fiestas privadas. Con nuestra experiencia y equipos de \u00faltima generaci\u00f3n, garantizamos una calidad de sonido excepcional y una experiencia auditiva inolvidable para tu p\u00fablico. Nos adaptamos a ti [&hellip;]<\/p>\n","protected":false},"author":1,"featured_media":0,"parent":0,"menu_order":4,"comment_status":"closed","ping_status":"closed","template":"","meta":{"_joinchat":[],"footnotes":""},"class_list":["post-560","page","type-page","status-publish","hentry"],"yoast_head":"<!-- This site is optimized with the Yoast SEO plugin v27.4 - https:\/\/yoast.com\/product\/yoast-seo-wordpress\/ -->\n<title>Sonorizaciones - Grupo 20kHz Producciones<\/title>\n<meta name=\"description\" content=\"Lleva tu evento al siguiente nivel con nuestro servicio de sonorizaci\u00f3n profesional en 20kHz Producciones. Equipos de calidad y personal t\u00e9cnico experimentado.\" \/>\n<meta name=\"robots\" content=\"index, follow, max-snippet:-1, max-image-preview:large, max-video-preview:-1\" \/>\n<link rel=\"canonical\" href=\"https:\/\/www.20khzpro.com\/en\/sound-effects\/\" \/>\n<meta property=\"og:locale\" content=\"en_US\" \/>\n<meta property=\"og:type\" content=\"article\" \/>\n<meta property=\"og:title\" content=\"Sonorizaciones - Grupo 20kHz Producciones\" \/>\n<meta property=\"og:description\" content=\"Lleva tu evento al siguiente nivel con nuestro servicio de sonorizaci\u00f3n profesional en 20kHz Producciones. Equipos de calidad y personal t\u00e9cnico experimentado.\" \/>\n<meta property=\"og:url\" content=\"https:\/\/www.20khzpro.com\/en\/sound-effects\/\" \/>\n<meta property=\"og:site_name\" content=\"Grupo 20kHz Producciones\" \/>\n<meta property=\"article:publisher\" content=\"https:\/\/www.facebook.com\/20khzproducciones\" \/>\n<meta property=\"article:modified_time\" content=\"2024-03-01T12:24:21+00:00\" \/>\n<meta property=\"og:image\" content=\"https:\/\/www.20khzpro.com\/wp-content\/uploads\/2024\/03\/20khz-producciones.png\" \/>\n\t<meta property=\"og:image:width\" content=\"1200\" \/>\n\t<meta property=\"og:image:height\" content=\"675\" \/>\n\t<meta property=\"og:image:type\" content=\"image\/png\" \/>\n<meta name=\"twitter:card\" content=\"summary_large_image\" \/>\n<script type=\"application\/ld+json\" class=\"yoast-schema-graph\">{\"@context\":\"https:\\\/\\\/schema.org\",\"@graph\":[{\"@type\":\"WebPage\",\"@id\":\"https:\\\/\\\/www.20khzpro.com\\\/sonorizaciones\\\/\",\"url\":\"https:\\\/\\\/www.20khzpro.com\\\/sonorizaciones\\\/\",\"name\":\"Sonorizaciones - Grupo 20kHz Producciones\",\"isPartOf\":{\"@id\":\"https:\\\/\\\/www.20khzpro.com\\\/#website\"},\"datePublished\":\"2024-02-27T11:35:40+00:00\",\"dateModified\":\"2024-03-01T12:24:21+00:00\",\"description\":\"Lleva tu evento al siguiente nivel con nuestro servicio de sonorizaci\u00f3n profesional en 20kHz Producciones. Equipos de calidad y personal t\u00e9cnico experimentado.\",\"breadcrumb\":{\"@id\":\"https:\\\/\\\/www.20khzpro.com\\\/sonorizaciones\\\/#breadcrumb\"},\"inLanguage\":\"en-US\",\"potentialAction\":[{\"@type\":\"ReadAction\",\"target\":[\"https:\\\/\\\/www.20khzpro.com\\\/sonorizaciones\\\/\"]}]},{\"@type\":\"BreadcrumbList\",\"@id\":\"https:\\\/\\\/www.20khzpro.com\\\/sonorizaciones\\\/#breadcrumb\",\"itemListElement\":[{\"@type\":\"ListItem\",\"position\":1,\"name\":\"Inicio\",\"item\":\"https:\\\/\\\/www.20khzpro.com\\\/\"},{\"@type\":\"ListItem\",\"position\":2,\"name\":\"Sonorizaciones\"}]},{\"@type\":\"WebSite\",\"@id\":\"https:\\\/\\\/www.20khzpro.com\\\/#website\",\"url\":\"https:\\\/\\\/www.20khzpro.com\\\/\",\"name\":\"Grupo 20Kkz Producciones\",\"description\":\"Servicios para el espect\u00e1culo y bandas musicales\",\"publisher\":{\"@id\":\"https:\\\/\\\/www.20khzpro.com\\\/#organization\"},\"potentialAction\":[{\"@type\":\"SearchAction\",\"target\":{\"@type\":\"EntryPoint\",\"urlTemplate\":\"https:\\\/\\\/www.20khzpro.com\\\/?s={search_term_string}\"},\"query-input\":{\"@type\":\"PropertyValueSpecification\",\"valueRequired\":true,\"valueName\":\"search_term_string\"}}],\"inLanguage\":\"en-US\"},{\"@type\":\"Organization\",\"@id\":\"https:\\\/\\\/www.20khzpro.com\\\/#organization\",\"name\":\"Grupo 20Kkz Producciones\",\"url\":\"https:\\\/\\\/www.20khzpro.com\\\/\",\"logo\":{\"@type\":\"ImageObject\",\"inLanguage\":\"en-US\",\"@id\":\"https:\\\/\\\/www.20khzpro.com\\\/#\\\/schema\\\/logo\\\/image\\\/\",\"url\":\"https:\\\/\\\/www.20khzpro.com\\\/wp-content\\\/uploads\\\/2024\\\/03\\\/20khz-producciones.png\",\"contentUrl\":\"https:\\\/\\\/www.20khzpro.com\\\/wp-content\\\/uploads\\\/2024\\\/03\\\/20khz-producciones.png\",\"width\":1200,\"height\":675,\"caption\":\"Grupo 20Kkz Producciones\"},\"image\":{\"@id\":\"https:\\\/\\\/www.20khzpro.com\\\/#\\\/schema\\\/logo\\\/image\\\/\"},\"sameAs\":[\"https:\\\/\\\/www.facebook.com\\\/20khzproducciones\",\"https:\\\/\\\/www.instagram.com\\\/20khzproducciones\"]}]}<\/script>\n<!-- \/ Yoast SEO plugin. -->","yoast_head_json":{"title":"Sound systems - Grupo 20kHz Producciones","description":"Take your event to the next level with our professional sound service at 20kHz Producciones. Quality equipment and experienced technical staff.","robots":{"index":"index","follow":"follow","max-snippet":"max-snippet:-1","max-image-preview":"max-image-preview:large","max-video-preview":"max-video-preview:-1"},"canonical":"https:\/\/www.20khzpro.com\/en\/sound-effects\/","og_locale":"en_US","og_type":"article","og_title":"Sonorizaciones - Grupo 20kHz Producciones","og_description":"Lleva tu evento al siguiente nivel con nuestro servicio de sonorizaci\u00f3n profesional en 20kHz Producciones. Equipos de calidad y personal t\u00e9cnico experimentado.","og_url":"https:\/\/www.20khzpro.com\/en\/sound-effects\/","og_site_name":"Grupo 20kHz Producciones","article_publisher":"https:\/\/www.facebook.com\/20khzproducciones","article_modified_time":"2024-03-01T12:24:21+00:00","og_image":[{"width":1200,"height":675,"url":"https:\/\/www.20khzpro.com\/wp-content\/uploads\/2024\/03\/20khz-producciones.png","type":"image\/png"}],"twitter_card":"summary_large_image","schema":{"@context":"https:\/\/schema.org","@graph":[{"@type":"WebPage","@id":"https:\/\/www.20khzpro.com\/sonorizaciones\/","url":"https:\/\/www.20khzpro.com\/sonorizaciones\/","name":"Sound systems - Grupo 20kHz Producciones","isPartOf":{"@id":"https:\/\/www.20khzpro.com\/#website"},"datePublished":"2024-02-27T11:35:40+00:00","dateModified":"2024-03-01T12:24:21+00:00","description":"Take your event to the next level with our professional sound service at 20kHz Producciones. Quality equipment and experienced technical staff.","breadcrumb":{"@id":"https:\/\/www.20khzpro.com\/sonorizaciones\/#breadcrumb"},"inLanguage":"en-US","potentialAction":[{"@type":"ReadAction","target":["https:\/\/www.20khzpro.com\/sonorizaciones\/"]}]},{"@type":"BreadcrumbList","@id":"https:\/\/www.20khzpro.com\/sonorizaciones\/#breadcrumb","itemListElement":[{"@type":"ListItem","position":1,"name":"Inicio","item":"https:\/\/www.20khzpro.com\/"},{"@type":"ListItem","position":2,"name":"Sonorizaciones"}]},{"@type":"WebSite","@id":"https:\/\/www.20khzpro.com\/#website","url":"https:\/\/www.20khzpro.com\/","name":"20Kkz Productions Group","description":"Services for entertainment and musical bands","publisher":{"@id":"https:\/\/www.20khzpro.com\/#organization"},"potentialAction":[{"@type":"SearchAction","target":{"@type":"EntryPoint","urlTemplate":"https:\/\/www.20khzpro.com\/?s={search_term_string}"},"query-input":{"@type":"PropertyValueSpecification","valueRequired":true,"valueName":"search_term_string"}}],"inLanguage":"en-US"},{"@type":"Organization","@id":"https:\/\/www.20khzpro.com\/#organization","name":"20Kkz Productions Group","url":"https:\/\/www.20khzpro.com\/","logo":{"@type":"ImageObject","inLanguage":"en-US","@id":"https:\/\/www.20khzpro.com\/#\/schema\/logo\/image\/","url":"https:\/\/www.20khzpro.com\/wp-content\/uploads\/2024\/03\/20khz-producciones.png","contentUrl":"https:\/\/www.20khzpro.com\/wp-content\/uploads\/2024\/03\/20khz-producciones.png","width":1200,"height":675,"caption":"Grupo 20Kkz Producciones"},"image":{"@id":"https:\/\/www.20khzpro.com\/#\/schema\/logo\/image\/"},"sameAs":["https:\/\/www.facebook.com\/20khzproducciones","https:\/\/www.instagram.com\/20khzproducciones"]}]}},"_links":{"self":[{"href":"https:\/\/www.20khzpro.com\/en\/wp-json\/wp\/v2\/pages\/560","targetHints":{"allow":["GET"]}}],"collection":[{"href":"https:\/\/www.20khzpro.com\/en\/wp-json\/wp\/v2\/pages"}],"about":[{"href":"https:\/\/www.20khzpro.com\/en\/wp-json\/wp\/v2\/types\/page"}],"author":[{"embeddable":true,"href":"https:\/\/www.20khzpro.com\/en\/wp-json\/wp\/v2\/users\/1"}],"replies":[{"embeddable":true,"href":"https:\/\/www.20khzpro.com\/en\/wp-json\/wp\/v2\/comments?post=560"}],"version-history":[{"count":14,"href":"https:\/\/www.20khzpro.com\/en\/wp-json\/wp\/v2\/pages\/560\/revisions"}],"predecessor-version":[{"id":829,"href":"https:\/\/www.20khzpro.com\/en\/wp-json\/wp\/v2\/pages\/560\/revisions\/829"}],"wp:attachment":[{"href":"https:\/\/www.20khzpro.com\/en\/wp-json\/wp\/v2\/media?parent=560"}],"curies":[{"name":"wp","href":"https:\/\/api.w.org\/{rel}","templated":true}]}}