{"id":558,"date":"2024-02-27T12:35:25","date_gmt":"2024-02-27T11:35:25","guid":{"rendered":"https:\/\/www.20khzpro.com\/?page_id=558"},"modified":"2024-03-01T13:24:52","modified_gmt":"2024-03-01T12:24:52","slug":"recording-studio-2","status":"publish","type":"page","link":"https:\/\/www.20khzpro.com\/en\/estudio-de-grabacion\/","title":{"rendered":"Recording studio"},"content":{"rendered":"<div data-elementor-type=\"wp-page\" data-elementor-id=\"558\" class=\"elementor elementor-558\" data-elementor-post-type=\"page\">\n\t\t\t\t\t\t<section class=\"elementor-section elementor-top-section elementor-element elementor-element-75c36325 elementor-section-height-min-height elementor-section-boxed elementor-section-height-default elementor-section-items-middle\" data-id=\"75c36325\" data-element_type=\"section\" data-e-type=\"section\" data-settings=\"{&quot;background_background&quot;:&quot;classic&quot;}\">\n\t\t\t\t\t\t\t<div class=\"elementor-background-overlay\"><\/div>\n\t\t\t\t\t\t\t<div class=\"elementor-container elementor-column-gap-default\">\n\t\t\t\t\t<div class=\"elementor-column elementor-col-50 elementor-top-column elementor-element elementor-element-501553c9\" data-id=\"501553c9\" data-element_type=\"column\" data-e-type=\"column\">\n\t\t\t<div class=\"elementor-widget-wrap elementor-element-populated\">\n\t\t\t\t\t\t<div class=\"elementor-element elementor-element-4464066a elementor-widget elementor-widget-heading\" data-id=\"4464066a\" data-element_type=\"widget\" data-e-type=\"widget\" data-widget_type=\"heading.default\">\n\t\t\t\t<div class=\"elementor-widget-container\">\n\t\t\t\t\t<h1 class=\"elementor-heading-title elementor-size-default\">Recording studio<\/h1>\t\t\t\t<\/div>\n\t\t\t\t<\/div>\n\t\t\t\t\t<\/div>\n\t\t<\/div>\n\t\t\t\t<div class=\"elementor-column elementor-col-50 elementor-top-column elementor-element elementor-element-1b0c0dae\" data-id=\"1b0c0dae\" data-element_type=\"column\" data-e-type=\"column\">\n\t\t\t<div class=\"elementor-widget-wrap\">\n\t\t\t\t\t\t\t<\/div>\n\t\t<\/div>\n\t\t\t\t\t<\/div>\n\t\t<\/section>\n\t\t\t\t<section class=\"elementor-section elementor-top-section elementor-element elementor-element-3fa0276c elementor-section-boxed elementor-section-height-default elementor-section-height-default\" data-id=\"3fa0276c\" data-element_type=\"section\" data-e-type=\"section\" data-settings=\"{&quot;background_background&quot;:&quot;classic&quot;}\">\n\t\t\t\t\t\t<div class=\"elementor-container elementor-column-gap-default\">\n\t\t\t\t\t<div class=\"elementor-column elementor-col-100 elementor-top-column elementor-element elementor-element-5c187a82\" data-id=\"5c187a82\" data-element_type=\"column\" data-e-type=\"column\">\n\t\t\t<div class=\"elementor-widget-wrap elementor-element-populated\">\n\t\t\t\t\t\t<div class=\"elementor-element elementor-element-33d45125 elementor-widget elementor-widget-heading\" data-id=\"33d45125\" data-element_type=\"widget\" data-e-type=\"widget\" data-widget_type=\"heading.default\">\n\t\t\t\t<div class=\"elementor-widget-container\">\n\t\t\t\t\t<div class=\"elementor-heading-title elementor-size-default\">Record with us<\/div>\t\t\t\t<\/div>\n\t\t\t\t<\/div>\n\t\t\t\t<div class=\"elementor-element elementor-element-19e04fc0 elementor-widget elementor-widget-heading\" data-id=\"19e04fc0\" data-element_type=\"widget\" data-e-type=\"widget\" data-widget_type=\"heading.default\">\n\t\t\t\t<div class=\"elementor-widget-container\">\n\t\t\t\t\t<h2 class=\"elementor-heading-title elementor-size-default\">Professional Recording Studio<\/h2>\t\t\t\t<\/div>\n\t\t\t\t<\/div>\n\t\t\t\t<div class=\"elementor-element elementor-element-45e45aaf elementor-widget elementor-widget-text-editor\" data-id=\"45e45aaf\" data-element_type=\"widget\" data-e-type=\"widget\" data-widget_type=\"text-editor.default\">\n\t\t\t\t<div class=\"elementor-widget-container\">\n\t\t\t\t\t\t\t\t\t<p>At 20kHz Producciones, our recording studio is designed to offer you a creative and professional environment where you can bring your musical projects to life with the highest quality and technical precision.\u00a0<\/p>\t\t\t\t\t\t\t\t<\/div>\n\t\t\t\t<\/div>\n\t\t\t\t\t<\/div>\n\t\t<\/div>\n\t\t\t\t\t<\/div>\n\t\t<\/section>\n\t\t\t\t<section class=\"elementor-section elementor-top-section elementor-element elementor-element-47397044 elementor-section-boxed elementor-section-height-default elementor-section-height-default\" data-id=\"47397044\" data-element_type=\"section\" data-e-type=\"section\" data-settings=\"{&quot;background_background&quot;:&quot;gradient&quot;}\">\n\t\t\t\t\t\t\t<div class=\"elementor-background-overlay\"><\/div>\n\t\t\t\t\t\t\t<div class=\"elementor-container elementor-column-gap-default\">\n\t\t\t\t\t<div class=\"elementor-column elementor-col-100 elementor-top-column elementor-element elementor-element-50fadf40\" data-id=\"50fadf40\" data-element_type=\"column\" data-e-type=\"column\">\n\t\t\t<div class=\"elementor-widget-wrap elementor-element-populated\">\n\t\t\t\t\t\t<section class=\"elementor-section elementor-inner-section elementor-element elementor-element-21f75266 elementor-section-boxed elementor-section-height-default elementor-section-height-default\" data-id=\"21f75266\" data-element_type=\"section\" data-e-type=\"section\">\n\t\t\t\t\t\t<div class=\"elementor-container elementor-column-gap-default\">\n\t\t\t\t\t<div class=\"elementor-column elementor-col-50 elementor-inner-column elementor-element elementor-element-6f0b49cd\" data-id=\"6f0b49cd\" data-element_type=\"column\" data-e-type=\"column\">\n\t\t\t<div class=\"elementor-widget-wrap elementor-element-populated\">\n\t\t\t\t\t\t<div class=\"elementor-element elementor-element-47d72b49 elementor-widget elementor-widget-uael-infobox\" data-id=\"47d72b49\" data-element_type=\"widget\" data-e-type=\"widget\" data-widget_type=\"uael-infobox.default\">\n\t\t\t\t<div class=\"elementor-widget-container\">\n\t\t\t\t\t\n<div class=\"uael-module-content uael-infobox uael-imgicon-style-circle  infobox-has-icon uael-infobox-icon-above-title  uael-infobox-link-type-none\">\n\t<div class=\"uael-infobox-left-right-wrap\">\n\t\t\t\t\t\t<div class=\"uael-infobox-content\">\n\t\t\t\t\t\t\t<div class=\"uael-module-content uael-imgicon-wrap\">\t\t\t\t\t\t\t\t\t\t\t\t\t\t\t\t\t\t<div class=\"uael-icon-wrap elementor-animation-\">\n\t\t\t\t\t\t\t\t<span class=\"uael-icon\">\n\t\t\t\t\t\t\t\t\t<i aria-hidden=\"true\" class=\"fas fa-music\"><\/i>\t\t\t\t\t\t\t\t<\/span>\n\t\t\t\t\t\t\t<\/div>\n\t\t\t\t\t\t\t\n\t\t\t\t\t\t\t\t\t\t\t\t\t\t<\/div>\n\t\t\t\t\t\t\t<div class='uael-infobox-title-wrap'><h2 class=\"uael-infobox-title elementor-inline-editing\" data-elementor-setting-key=\"infobox_title\" data-elementor-inline-editing-toolbar=\"basic\" >State-of-the-art facilities<\/h2><\/div>\t\t\t\t\t\t\t\t\t<div class=\"uael-infobox-text-wrap\">\n\t\t\t\t<div class=\"uael-infobox-text elementor-inline-editing\" data-elementor-setting-key=\"infobox_description\" data-elementor-inline-editing-toolbar=\"advanced\">\n\t\t\t\t\t<p>Our studio has state-of-the-art equipment and cutting-edge technology to guarantee exceptional results in every recording session.&nbsp;<\/p><p>From high-end microphones to professional-grade audio interfaces, every element of our studio has been carefully selected to give you the tools you need to capture your best performance.<\/p>\t\t\t\t<\/div>\n\t\t\t\t\t\n\t\t\t\t\t\t\t<\/div>\n\t\t<\/div>\n\t\t\t<\/div>\n<\/div>\n\t\t\t\t<\/div>\n\t\t\t\t<\/div>\n\t\t\t\t\t<\/div>\n\t\t<\/div>\n\t\t\t\t<div class=\"elementor-column elementor-col-50 elementor-inner-column elementor-element elementor-element-2ee125d\" data-id=\"2ee125d\" data-element_type=\"column\" data-e-type=\"column\">\n\t\t\t<div class=\"elementor-widget-wrap elementor-element-populated\">\n\t\t\t\t\t\t<div class=\"elementor-element elementor-element-279b37ed elementor-widget elementor-widget-uael-infobox\" data-id=\"279b37ed\" data-element_type=\"widget\" data-e-type=\"widget\" data-widget_type=\"uael-infobox.default\">\n\t\t\t\t<div class=\"elementor-widget-container\">\n\t\t\t\t\t\n<div class=\"uael-module-content uael-infobox uael-imgicon-style-circle  infobox-has-icon uael-infobox-icon-above-title  uael-infobox-link-type-none\">\n\t<div class=\"uael-infobox-left-right-wrap\">\n\t\t\t\t\t\t<div class=\"uael-infobox-content\">\n\t\t\t\t\t\t\t<div class=\"uael-module-content uael-imgicon-wrap\">\t\t\t\t\t\t\t\t\t\t\t\t\t\t\t\t\t\t<div class=\"uael-icon-wrap elementor-animation-\">\n\t\t\t\t\t\t\t\t<span class=\"uael-icon\">\n\t\t\t\t\t\t\t\t\t<i aria-hidden=\"true\" class=\"far fa-lightbulb\"><\/i>\t\t\t\t\t\t\t\t<\/span>\n\t\t\t\t\t\t\t<\/div>\n\t\t\t\t\t\t\t\n\t\t\t\t\t\t\t\t\t\t\t\t\t\t<\/div>\n\t\t\t\t\t\t\t<div class='uael-infobox-title-wrap'><h2 class=\"uael-infobox-title elementor-inline-editing\" data-elementor-setting-key=\"infobox_title\" data-elementor-inline-editing-toolbar=\"basic\" >Fully personalized services<\/h2><\/div>\t\t\t\t\t\t\t\t\t<div class=\"uael-infobox-text-wrap\">\n\t\t\t\t<div class=\"uael-infobox-text elementor-inline-editing\" data-elementor-setting-key=\"infobox_description\" data-elementor-inline-editing-toolbar=\"advanced\">\n\t\t\t\t\t<p>We understand that each musical project is unique, which is why we offer personalized services tailored to your specific needs.&nbsp;<\/p><p>Whether you need to record a demo, a single, or an entire album, our team will work with you to ensure your artistic vision is accurately reflected in the final product.<\/p>\t\t\t\t<\/div>\n\t\t\t\t\t\n\t\t\t\t\t\t\t<\/div>\n\t\t<\/div>\n\t\t\t<\/div>\n<\/div>\n\t\t\t\t<\/div>\n\t\t\t\t<\/div>\n\t\t\t\t\t<\/div>\n\t\t<\/div>\n\t\t\t\t\t<\/div>\n\t\t<\/section>\n\t\t\t\t\t<\/div>\n\t\t<\/div>\n\t\t\t\t\t<\/div>\n\t\t<\/section>\n\t\t\t\t<section class=\"elementor-section elementor-top-section elementor-element elementor-element-79aa9b74 elementor-section-boxed elementor-section-height-default elementor-section-height-default\" data-id=\"79aa9b74\" data-element_type=\"section\" data-e-type=\"section\" data-settings=\"{&quot;background_background&quot;:&quot;classic&quot;}\">\n\t\t\t\t\t\t\t<div class=\"elementor-background-overlay\"><\/div>\n\t\t\t\t\t\t\t<div class=\"elementor-container elementor-column-gap-default\">\n\t\t\t\t\t<div class=\"elementor-column elementor-col-100 elementor-top-column elementor-element elementor-element-77586dba\" data-id=\"77586dba\" data-element_type=\"column\" data-e-type=\"column\">\n\t\t\t<div class=\"elementor-widget-wrap elementor-element-populated\">\n\t\t\t\t\t\t<div class=\"elementor-element elementor-element-34410a73 elementor-widget elementor-widget-heading\" data-id=\"34410a73\" data-element_type=\"widget\" data-e-type=\"widget\" data-widget_type=\"heading.default\">\n\t\t\t\t<div class=\"elementor-widget-container\">\n\t\t\t\t\t<h2 class=\"elementor-heading-title elementor-size-default\">Experience and Professionalism<\/h2>\t\t\t\t<\/div>\n\t\t\t\t<\/div>\n\t\t\t\t<div class=\"elementor-element elementor-element-64c9b1ff elementor-widget elementor-widget-text-editor\" data-id=\"64c9b1ff\" data-element_type=\"widget\" data-e-type=\"widget\" data-widget_type=\"text-editor.default\">\n\t\t\t\t<div class=\"elementor-widget-container\">\n\t\t\t\t\t\t\t\t\t<p>Our team of sound engineers and producers have years of experience in the music industry and are committed to providing you with a high-quality, professional service at all times.\u00a0<\/p><p>From microphone setup to final mixing and mastering, you can trust us to take your music to the next level.<\/p>\t\t\t\t\t\t\t\t<\/div>\n\t\t\t\t<\/div>\n\t\t\t\t\t<\/div>\n\t\t<\/div>\n\t\t\t\t\t<\/div>\n\t\t<\/section>\n\t\t\t\t<section class=\"elementor-section elementor-top-section elementor-element elementor-element-1029bfd0 elementor-section-boxed elementor-section-height-default elementor-section-height-default\" data-id=\"1029bfd0\" data-element_type=\"section\" data-e-type=\"section\" data-settings=\"{&quot;background_background&quot;:&quot;classic&quot;}\">\n\t\t\t\t\t\t\t<div class=\"elementor-background-overlay\"><\/div>\n\t\t\t\t\t\t\t<div class=\"elementor-container elementor-column-gap-default\">\n\t\t\t\t\t<div class=\"elementor-column elementor-col-100 elementor-top-column elementor-element elementor-element-51111bc\" data-id=\"51111bc\" data-element_type=\"column\" data-e-type=\"column\">\n\t\t\t<div class=\"elementor-widget-wrap elementor-element-populated\">\n\t\t\t\t\t\t<section class=\"elementor-section elementor-inner-section elementor-element elementor-element-182d7350 elementor-section-content-middle elementor-section-boxed elementor-section-height-default elementor-section-height-default\" data-id=\"182d7350\" data-element_type=\"section\" data-e-type=\"section\">\n\t\t\t\t\t\t<div class=\"elementor-container elementor-column-gap-default\">\n\t\t\t\t\t<div class=\"elementor-column elementor-col-50 elementor-inner-column elementor-element elementor-element-273d7098\" data-id=\"273d7098\" data-element_type=\"column\" data-e-type=\"column\">\n\t\t\t<div class=\"elementor-widget-wrap elementor-element-populated\">\n\t\t\t\t\t\t<div class=\"elementor-element elementor-element-27195d37 elementor-widget elementor-widget-heading\" data-id=\"27195d37\" data-element_type=\"widget\" data-e-type=\"widget\" data-widget_type=\"heading.default\">\n\t\t\t\t<div class=\"elementor-widget-container\">\n\t\t\t\t\t<h3 class=\"elementor-heading-title elementor-size-default\">Book your session<\/h3>\t\t\t\t<\/div>\n\t\t\t\t<\/div>\n\t\t\t\t<div class=\"elementor-element elementor-element-45baf646 elementor-widget elementor-widget-text-editor\" data-id=\"45baf646\" data-element_type=\"widget\" data-e-type=\"widget\" data-widget_type=\"text-editor.default\">\n\t\t\t\t<div class=\"elementor-widget-container\">\n\t\t\t\t\t\t\t\t\t<p>Ready to take the next step in your music career? Book your session at our recording studio today!\u00a0<\/p>\t\t\t\t\t\t\t\t<\/div>\n\t\t\t\t<\/div>\n\t\t\t\t\t<\/div>\n\t\t<\/div>\n\t\t\t\t<div class=\"elementor-column elementor-col-50 elementor-inner-column elementor-element elementor-element-3f3b7abd\" data-id=\"3f3b7abd\" data-element_type=\"column\" data-e-type=\"column\">\n\t\t\t<div class=\"elementor-widget-wrap elementor-element-populated\">\n\t\t\t\t\t\t<div class=\"elementor-element elementor-element-2829d02b elementor-align-right elementor-widget elementor-widget-button\" data-id=\"2829d02b\" data-element_type=\"widget\" data-e-type=\"widget\" data-widget_type=\"button.default\">\n\t\t\t\t<div class=\"elementor-widget-container\">\n\t\t\t\t\t\t\t\t\t<div class=\"elementor-button-wrapper\">\n\t\t\t\t\t<a class=\"elementor-button elementor-button-link elementor-size-sm\" href=\"https:\/\/www.20khzpro.com\/en\/contact\/\">\n\t\t\t\t\t\t<span class=\"elementor-button-content-wrapper\">\n\t\t\t\t\t\t\t\t\t<span class=\"elementor-button-text\">Contact<\/span>\n\t\t\t\t\t<\/span>\n\t\t\t\t\t<\/a>\n\t\t\t\t<\/div>\n\t\t\t\t\t\t\t\t<\/div>\n\t\t\t\t<\/div>\n\t\t\t\t\t<\/div>\n\t\t<\/div>\n\t\t\t\t\t<\/div>\n\t\t<\/section>\n\t\t\t\t\t<\/div>\n\t\t<\/div>\n\t\t\t\t\t<\/div>\n\t\t<\/section>\n\t\t\t\t<\/div>","protected":false},"excerpt":{"rendered":"<p>Estudio de grabaci\u00f3n Graba con nosotros Estudio de Grabaci\u00f3n Profesional En 20kHz Producciones, nuestro estudio de grabaci\u00f3n est\u00e1 dise\u00f1ado para ofrecerte un entorno creativo y profesional donde puedas dar vida a tus proyectos musicales con la m\u00e1s alta calidad y precisi\u00f3n t\u00e9cnica. Instalaciones de vanguardia Nuestro estudio cuenta con equipos de \u00faltima generaci\u00f3n y tecnolog\u00eda [&hellip;]<\/p>\n","protected":false},"author":1,"featured_media":0,"parent":0,"menu_order":3,"comment_status":"closed","ping_status":"closed","template":"","meta":{"_joinchat":[],"footnotes":""},"class_list":["post-558","page","type-page","status-publish","hentry"],"yoast_head":"<!-- This site is optimized with the Yoast SEO plugin v27.4 - https:\/\/yoast.com\/product\/yoast-seo-wordpress\/ -->\n<title>Estudio de grabaci\u00f3n - Grupo 20kHz Producciones<\/title>\n<meta name=\"description\" content=\"Graba con nosotros en nuestro Estudio de Grabaci\u00f3n Profesional en 20kHz Producciones. Equipos de vanguardia y servicios personalizados para llevar tu m\u00fasica al siguiente nivel.\" \/>\n<meta name=\"robots\" content=\"index, follow, max-snippet:-1, max-image-preview:large, max-video-preview:-1\" \/>\n<link rel=\"canonical\" href=\"https:\/\/www.20khzpro.com\/en\/recording-studio-2\/\" \/>\n<meta property=\"og:locale\" content=\"en_US\" \/>\n<meta property=\"og:type\" content=\"article\" \/>\n<meta property=\"og:title\" content=\"Estudio de grabaci\u00f3n - Grupo 20kHz Producciones\" \/>\n<meta property=\"og:description\" content=\"Graba con nosotros en nuestro Estudio de Grabaci\u00f3n Profesional en 20kHz Producciones. Equipos de vanguardia y servicios personalizados para llevar tu m\u00fasica al siguiente nivel.\" \/>\n<meta property=\"og:url\" content=\"https:\/\/www.20khzpro.com\/en\/recording-studio-2\/\" \/>\n<meta property=\"og:site_name\" content=\"Grupo 20kHz Producciones\" \/>\n<meta property=\"article:publisher\" content=\"https:\/\/www.facebook.com\/20khzproducciones\" \/>\n<meta property=\"article:modified_time\" content=\"2024-03-01T12:24:52+00:00\" \/>\n<meta property=\"og:image\" content=\"https:\/\/www.20khzpro.com\/wp-content\/uploads\/2024\/03\/20khz-producciones.png\" \/>\n\t<meta property=\"og:image:width\" content=\"1200\" \/>\n\t<meta property=\"og:image:height\" content=\"675\" \/>\n\t<meta property=\"og:image:type\" content=\"image\/png\" \/>\n<meta name=\"twitter:card\" content=\"summary_large_image\" \/>\n<script type=\"application\/ld+json\" class=\"yoast-schema-graph\">{\"@context\":\"https:\\\/\\\/schema.org\",\"@graph\":[{\"@type\":\"WebPage\",\"@id\":\"https:\\\/\\\/www.20khzpro.com\\\/estudio-de-grabacion\\\/\",\"url\":\"https:\\\/\\\/www.20khzpro.com\\\/estudio-de-grabacion\\\/\",\"name\":\"Estudio de grabaci\u00f3n - Grupo 20kHz Producciones\",\"isPartOf\":{\"@id\":\"https:\\\/\\\/www.20khzpro.com\\\/#website\"},\"datePublished\":\"2024-02-27T11:35:25+00:00\",\"dateModified\":\"2024-03-01T12:24:52+00:00\",\"description\":\"Graba con nosotros en nuestro Estudio de Grabaci\u00f3n Profesional en 20kHz Producciones. Equipos de vanguardia y servicios personalizados para llevar tu m\u00fasica al siguiente nivel.\",\"breadcrumb\":{\"@id\":\"https:\\\/\\\/www.20khzpro.com\\\/estudio-de-grabacion\\\/#breadcrumb\"},\"inLanguage\":\"en-US\",\"potentialAction\":[{\"@type\":\"ReadAction\",\"target\":[\"https:\\\/\\\/www.20khzpro.com\\\/estudio-de-grabacion\\\/\"]}]},{\"@type\":\"BreadcrumbList\",\"@id\":\"https:\\\/\\\/www.20khzpro.com\\\/estudio-de-grabacion\\\/#breadcrumb\",\"itemListElement\":[{\"@type\":\"ListItem\",\"position\":1,\"name\":\"Inicio\",\"item\":\"https:\\\/\\\/www.20khzpro.com\\\/\"},{\"@type\":\"ListItem\",\"position\":2,\"name\":\"Estudio de grabaci\u00f3n\"}]},{\"@type\":\"WebSite\",\"@id\":\"https:\\\/\\\/www.20khzpro.com\\\/#website\",\"url\":\"https:\\\/\\\/www.20khzpro.com\\\/\",\"name\":\"Grupo 20Kkz Producciones\",\"description\":\"Servicios para el espect\u00e1culo y bandas musicales\",\"publisher\":{\"@id\":\"https:\\\/\\\/www.20khzpro.com\\\/#organization\"},\"potentialAction\":[{\"@type\":\"SearchAction\",\"target\":{\"@type\":\"EntryPoint\",\"urlTemplate\":\"https:\\\/\\\/www.20khzpro.com\\\/?s={search_term_string}\"},\"query-input\":{\"@type\":\"PropertyValueSpecification\",\"valueRequired\":true,\"valueName\":\"search_term_string\"}}],\"inLanguage\":\"en-US\"},{\"@type\":\"Organization\",\"@id\":\"https:\\\/\\\/www.20khzpro.com\\\/#organization\",\"name\":\"Grupo 20Kkz Producciones\",\"url\":\"https:\\\/\\\/www.20khzpro.com\\\/\",\"logo\":{\"@type\":\"ImageObject\",\"inLanguage\":\"en-US\",\"@id\":\"https:\\\/\\\/www.20khzpro.com\\\/#\\\/schema\\\/logo\\\/image\\\/\",\"url\":\"https:\\\/\\\/www.20khzpro.com\\\/wp-content\\\/uploads\\\/2024\\\/03\\\/20khz-producciones.png\",\"contentUrl\":\"https:\\\/\\\/www.20khzpro.com\\\/wp-content\\\/uploads\\\/2024\\\/03\\\/20khz-producciones.png\",\"width\":1200,\"height\":675,\"caption\":\"Grupo 20Kkz Producciones\"},\"image\":{\"@id\":\"https:\\\/\\\/www.20khzpro.com\\\/#\\\/schema\\\/logo\\\/image\\\/\"},\"sameAs\":[\"https:\\\/\\\/www.facebook.com\\\/20khzproducciones\",\"https:\\\/\\\/www.instagram.com\\\/20khzproducciones\"]}]}<\/script>\n<!-- \/ Yoast SEO plugin. -->","yoast_head_json":{"title":"Recording studio - Grupo 20kHz Producciones","description":"Record with us in our Professional Recording Studio at 20kHz Producciones. Cutting-edge equipment and personalized services to take your music to the next level.","robots":{"index":"index","follow":"follow","max-snippet":"max-snippet:-1","max-image-preview":"max-image-preview:large","max-video-preview":"max-video-preview:-1"},"canonical":"https:\/\/www.20khzpro.com\/en\/recording-studio-2\/","og_locale":"en_US","og_type":"article","og_title":"Estudio de grabaci\u00f3n - Grupo 20kHz Producciones","og_description":"Graba con nosotros en nuestro Estudio de Grabaci\u00f3n Profesional en 20kHz Producciones. Equipos de vanguardia y servicios personalizados para llevar tu m\u00fasica al siguiente nivel.","og_url":"https:\/\/www.20khzpro.com\/en\/recording-studio-2\/","og_site_name":"Grupo 20kHz Producciones","article_publisher":"https:\/\/www.facebook.com\/20khzproducciones","article_modified_time":"2024-03-01T12:24:52+00:00","og_image":[{"width":1200,"height":675,"url":"https:\/\/www.20khzpro.com\/wp-content\/uploads\/2024\/03\/20khz-producciones.png","type":"image\/png"}],"twitter_card":"summary_large_image","schema":{"@context":"https:\/\/schema.org","@graph":[{"@type":"WebPage","@id":"https:\/\/www.20khzpro.com\/estudio-de-grabacion\/","url":"https:\/\/www.20khzpro.com\/estudio-de-grabacion\/","name":"Recording studio - Grupo 20kHz Producciones","isPartOf":{"@id":"https:\/\/www.20khzpro.com\/#website"},"datePublished":"2024-02-27T11:35:25+00:00","dateModified":"2024-03-01T12:24:52+00:00","description":"Record with us in our Professional Recording Studio at 20kHz Producciones. Cutting-edge equipment and personalized services to take your music to the next level.","breadcrumb":{"@id":"https:\/\/www.20khzpro.com\/estudio-de-grabacion\/#breadcrumb"},"inLanguage":"en-US","potentialAction":[{"@type":"ReadAction","target":["https:\/\/www.20khzpro.com\/estudio-de-grabacion\/"]}]},{"@type":"BreadcrumbList","@id":"https:\/\/www.20khzpro.com\/estudio-de-grabacion\/#breadcrumb","itemListElement":[{"@type":"ListItem","position":1,"name":"Inicio","item":"https:\/\/www.20khzpro.com\/"},{"@type":"ListItem","position":2,"name":"Estudio de grabaci\u00f3n"}]},{"@type":"WebSite","@id":"https:\/\/www.20khzpro.com\/#website","url":"https:\/\/www.20khzpro.com\/","name":"20Kkz Productions Group","description":"Services for entertainment and musical bands","publisher":{"@id":"https:\/\/www.20khzpro.com\/#organization"},"potentialAction":[{"@type":"SearchAction","target":{"@type":"EntryPoint","urlTemplate":"https:\/\/www.20khzpro.com\/?s={search_term_string}"},"query-input":{"@type":"PropertyValueSpecification","valueRequired":true,"valueName":"search_term_string"}}],"inLanguage":"en-US"},{"@type":"Organization","@id":"https:\/\/www.20khzpro.com\/#organization","name":"20Kkz Productions Group","url":"https:\/\/www.20khzpro.com\/","logo":{"@type":"ImageObject","inLanguage":"en-US","@id":"https:\/\/www.20khzpro.com\/#\/schema\/logo\/image\/","url":"https:\/\/www.20khzpro.com\/wp-content\/uploads\/2024\/03\/20khz-producciones.png","contentUrl":"https:\/\/www.20khzpro.com\/wp-content\/uploads\/2024\/03\/20khz-producciones.png","width":1200,"height":675,"caption":"Grupo 20Kkz Producciones"},"image":{"@id":"https:\/\/www.20khzpro.com\/#\/schema\/logo\/image\/"},"sameAs":["https:\/\/www.facebook.com\/20khzproducciones","https:\/\/www.instagram.com\/20khzproducciones"]}]}},"_links":{"self":[{"href":"https:\/\/www.20khzpro.com\/en\/wp-json\/wp\/v2\/pages\/558","targetHints":{"allow":["GET"]}}],"collection":[{"href":"https:\/\/www.20khzpro.com\/en\/wp-json\/wp\/v2\/pages"}],"about":[{"href":"https:\/\/www.20khzpro.com\/en\/wp-json\/wp\/v2\/types\/page"}],"author":[{"embeddable":true,"href":"https:\/\/www.20khzpro.com\/en\/wp-json\/wp\/v2\/users\/1"}],"replies":[{"embeddable":true,"href":"https:\/\/www.20khzpro.com\/en\/wp-json\/wp\/v2\/comments?post=558"}],"version-history":[{"count":18,"href":"https:\/\/www.20khzpro.com\/en\/wp-json\/wp\/v2\/pages\/558\/revisions"}],"predecessor-version":[{"id":830,"href":"https:\/\/www.20khzpro.com\/en\/wp-json\/wp\/v2\/pages\/558\/revisions\/830"}],"wp:attachment":[{"href":"https:\/\/www.20khzpro.com\/en\/wp-json\/wp\/v2\/media?parent=558"}],"curies":[{"name":"wp","href":"https:\/\/api.w.org\/{rel}","templated":true}]}}