{"id":556,"date":"2024-02-27T12:35:09","date_gmt":"2024-02-27T11:35:09","guid":{"rendered":"https:\/\/www.20khzpro.com\/?page_id=556"},"modified":"2024-03-01T13:25:32","modified_gmt":"2024-03-01T12:25:32","slug":"equipment-rental","status":"publish","type":"page","link":"https:\/\/www.20khzpro.com\/en\/alquiler-de-equipos\/","title":{"rendered":"Equipment rental"},"content":{"rendered":"<div data-elementor-type=\"wp-page\" data-elementor-id=\"556\" class=\"elementor elementor-556\" data-elementor-post-type=\"page\">\n\t\t\t\t\t\t<section class=\"elementor-section elementor-top-section elementor-element elementor-element-309835c4 elementor-section-boxed elementor-section-height-default elementor-section-height-default\" data-id=\"309835c4\" data-element_type=\"section\" data-e-type=\"section\" data-settings=\"{&quot;background_background&quot;:&quot;classic&quot;}\">\n\t\t\t\t\t\t\t<div class=\"elementor-background-overlay\"><\/div>\n\t\t\t\t\t\t\t<div class=\"elementor-container elementor-column-gap-default\">\n\t\t\t\t\t<div class=\"elementor-column elementor-col-50 elementor-top-column elementor-element elementor-element-28ed3fa7\" data-id=\"28ed3fa7\" data-element_type=\"column\" data-e-type=\"column\">\n\t\t\t<div class=\"elementor-widget-wrap elementor-element-populated\">\n\t\t\t\t\t\t<div class=\"elementor-element elementor-element-1aeece51 elementor-widget elementor-widget-heading\" data-id=\"1aeece51\" data-element_type=\"widget\" data-e-type=\"widget\" data-widget_type=\"heading.default\">\n\t\t\t\t<div class=\"elementor-widget-container\">\n\t\t\t\t\t<h1 class=\"elementor-heading-title elementor-size-default\">Rental of sound equipment and lighting<\/h1>\t\t\t\t<\/div>\n\t\t\t\t<\/div>\n\t\t\t\t\t<\/div>\n\t\t<\/div>\n\t\t\t\t<div class=\"elementor-column elementor-col-50 elementor-top-column elementor-element elementor-element-7c489b04\" data-id=\"7c489b04\" data-element_type=\"column\" data-e-type=\"column\">\n\t\t\t<div class=\"elementor-widget-wrap\">\n\t\t\t\t\t\t\t<\/div>\n\t\t<\/div>\n\t\t\t\t\t<\/div>\n\t\t<\/section>\n\t\t\t\t<section class=\"elementor-section elementor-top-section elementor-element elementor-element-1a525dbf elementor-section-boxed elementor-section-height-default elementor-section-height-default\" data-id=\"1a525dbf\" data-element_type=\"section\" data-e-type=\"section\" data-settings=\"{&quot;background_background&quot;:&quot;classic&quot;}\">\n\t\t\t\t\t\t<div class=\"elementor-container elementor-column-gap-default\">\n\t\t\t\t\t<div class=\"elementor-column elementor-col-100 elementor-top-column elementor-element elementor-element-33744947\" data-id=\"33744947\" data-element_type=\"column\" data-e-type=\"column\">\n\t\t\t<div class=\"elementor-widget-wrap elementor-element-populated\">\n\t\t\t\t\t\t<div class=\"elementor-element elementor-element-3ecd02a1 elementor-widget elementor-widget-heading\" data-id=\"3ecd02a1\" data-element_type=\"widget\" data-e-type=\"widget\" data-widget_type=\"heading.default\">\n\t\t\t\t<div class=\"elementor-widget-container\">\n\t\t\t\t\t<div class=\"elementor-heading-title elementor-size-default\">Sound and lighting<\/div>\t\t\t\t<\/div>\n\t\t\t\t<\/div>\n\t\t\t\t<div class=\"elementor-element elementor-element-2c5dd370 elementor-widget elementor-widget-heading\" data-id=\"2c5dd370\" data-element_type=\"widget\" data-e-type=\"widget\" data-widget_type=\"heading.default\">\n\t\t\t\t<div class=\"elementor-widget-container\">\n\t\t\t\t\t<h2 class=\"elementor-heading-title elementor-size-default\">Make your event shine<\/h2>\t\t\t\t<\/div>\n\t\t\t\t<\/div>\n\t\t\t\t<div class=\"elementor-element elementor-element-205e67dd elementor-widget elementor-widget-text-editor\" data-id=\"205e67dd\" data-element_type=\"widget\" data-e-type=\"widget\" data-widget_type=\"text-editor.default\">\n\t\t\t\t<div class=\"elementor-widget-container\">\n\t\t\t\t\t\t\t\t\t<p>At 20kHz Producciones, we offer a complete sound and lighting equipment rental service for events of all types and sizes. From small meetings to large productions, we have the right equipment to make your event shine.<\/p>\t\t\t\t\t\t\t\t<\/div>\n\t\t\t\t<\/div>\n\t\t\t\t\t<\/div>\n\t\t<\/div>\n\t\t\t\t\t<\/div>\n\t\t<\/section>\n\t\t\t\t<section class=\"elementor-section elementor-top-section elementor-element elementor-element-202f2b4 elementor-section-boxed elementor-section-height-default elementor-section-height-default\" data-id=\"202f2b4\" data-element_type=\"section\" data-e-type=\"section\" data-settings=\"{&quot;background_background&quot;:&quot;gradient&quot;}\">\n\t\t\t\t\t\t\t<div class=\"elementor-background-overlay\"><\/div>\n\t\t\t\t\t\t\t<div class=\"elementor-container elementor-column-gap-default\">\n\t\t\t\t\t<div class=\"elementor-column elementor-col-100 elementor-top-column elementor-element elementor-element-6570b90a\" data-id=\"6570b90a\" data-element_type=\"column\" data-e-type=\"column\">\n\t\t\t<div class=\"elementor-widget-wrap elementor-element-populated\">\n\t\t\t\t\t\t<section class=\"elementor-section elementor-inner-section elementor-element elementor-element-31874255 elementor-section-boxed elementor-section-height-default elementor-section-height-default\" data-id=\"31874255\" data-element_type=\"section\" data-e-type=\"section\">\n\t\t\t\t\t\t<div class=\"elementor-container elementor-column-gap-default\">\n\t\t\t\t\t<div class=\"elementor-column elementor-col-50 elementor-inner-column elementor-element elementor-element-e9f2976\" data-id=\"e9f2976\" data-element_type=\"column\" data-e-type=\"column\">\n\t\t\t<div class=\"elementor-widget-wrap elementor-element-populated\">\n\t\t\t\t\t\t<div class=\"elementor-element elementor-element-54f8e32 elementor-widget elementor-widget-uael-infobox\" data-id=\"54f8e32\" data-element_type=\"widget\" data-e-type=\"widget\" data-widget_type=\"uael-infobox.default\">\n\t\t\t\t<div class=\"elementor-widget-container\">\n\t\t\t\t\t\n<div class=\"uael-module-content uael-infobox uael-imgicon-style-circle  infobox-has-icon uael-infobox-icon-above-title  uael-infobox-link-type-none\">\n\t<div class=\"uael-infobox-left-right-wrap\">\n\t\t\t\t\t\t<div class=\"uael-infobox-content\">\n\t\t\t\t\t\t\t<div class=\"uael-module-content uael-imgicon-wrap\">\t\t\t\t\t\t\t\t\t\t\t\t\t\t\t\t\t\t<div class=\"uael-icon-wrap elementor-animation-\">\n\t\t\t\t\t\t\t\t<span class=\"uael-icon\">\n\t\t\t\t\t\t\t\t\t<i aria-hidden=\"true\" class=\"fas fa-music\"><\/i>\t\t\t\t\t\t\t\t<\/span>\n\t\t\t\t\t\t\t<\/div>\n\t\t\t\t\t\t\t\n\t\t\t\t\t\t\t\t\t\t\t\t\t\t<\/div>\n\t\t\t\t\t\t\t<div class='uael-infobox-title-wrap'><h2 class=\"uael-infobox-title elementor-inline-editing\" data-elementor-setting-key=\"infobox_title\" data-elementor-inline-editing-toolbar=\"basic\" >Sound equipment<\/h2><\/div>\t\t\t\t\t\t\t\t\t<div class=\"uael-infobox-text-wrap\">\n\t\t\t\t<div class=\"uael-infobox-text elementor-inline-editing\" data-elementor-setting-key=\"infobox_description\" data-elementor-inline-editing-toolbar=\"advanced\">\n\t\t\t\t\t<p>We have a wide selection of high-quality sound equipment that guarantees an exceptional listening experience.&nbsp;<\/p><p>Our inventory ranges from conventional to powerful Line Array systems, designed to adapt to any space and technical requirements.&nbsp;<\/p><p>Additionally, our experienced technical team is available to advise you on the selection and configuration of the equipment that best suits the specific needs of your event.<\/p>\t\t\t\t<\/div>\n\t\t\t\t\t\n\t\t\t\t\t\t\t<\/div>\n\t\t<\/div>\n\t\t\t<\/div>\n<\/div>\n\t\t\t\t<\/div>\n\t\t\t\t<\/div>\n\t\t\t\t\t<\/div>\n\t\t<\/div>\n\t\t\t\t<div class=\"elementor-column elementor-col-50 elementor-inner-column elementor-element elementor-element-7d8fdd23\" data-id=\"7d8fdd23\" data-element_type=\"column\" data-e-type=\"column\">\n\t\t\t<div class=\"elementor-widget-wrap elementor-element-populated\">\n\t\t\t\t\t\t<div class=\"elementor-element elementor-element-56d7b92 elementor-widget elementor-widget-uael-infobox\" data-id=\"56d7b92\" data-element_type=\"widget\" data-e-type=\"widget\" data-widget_type=\"uael-infobox.default\">\n\t\t\t\t<div class=\"elementor-widget-container\">\n\t\t\t\t\t\n<div class=\"uael-module-content uael-infobox uael-imgicon-style-circle  infobox-has-icon uael-infobox-icon-above-title  uael-infobox-link-type-none\">\n\t<div class=\"uael-infobox-left-right-wrap\">\n\t\t\t\t\t\t<div class=\"uael-infobox-content\">\n\t\t\t\t\t\t\t<div class=\"uael-module-content uael-imgicon-wrap\">\t\t\t\t\t\t\t\t\t\t\t\t\t\t\t\t\t\t<div class=\"uael-icon-wrap elementor-animation-\">\n\t\t\t\t\t\t\t\t<span class=\"uael-icon\">\n\t\t\t\t\t\t\t\t\t<i aria-hidden=\"true\" class=\"far fa-lightbulb\"><\/i>\t\t\t\t\t\t\t\t<\/span>\n\t\t\t\t\t\t\t<\/div>\n\t\t\t\t\t\t\t\n\t\t\t\t\t\t\t\t\t\t\t\t\t\t<\/div>\n\t\t\t\t\t\t\t<div class='uael-infobox-title-wrap'><h2 class=\"uael-infobox-title elementor-inline-editing\" data-elementor-setting-key=\"infobox_title\" data-elementor-inline-editing-toolbar=\"basic\" >Lighting Equipment<\/h2><\/div>\t\t\t\t\t\t\t\t\t<div class=\"uael-infobox-text-wrap\">\n\t\t\t\t<div class=\"uael-infobox-text elementor-inline-editing\" data-elementor-setting-key=\"infobox_description\" data-elementor-inline-editing-toolbar=\"advanced\">\n\t\t\t\t\t<p>Our range of lighting equipment is equally impressive, with options ranging from moving heads and LED PAR spotlights to blinders and special effects.&nbsp;<\/p><p>With the ability to create captivating ambiences and unique atmospheres, our lighting will completely transform the look of your event.&nbsp;<\/p><p>Additionally, we offer high-resolution LED displays and configurable modular panels to add a striking visual element to any setting.<\/p>\t\t\t\t<\/div>\n\t\t\t\t\t\n\t\t\t\t\t\t\t<\/div>\n\t\t<\/div>\n\t\t\t<\/div>\n<\/div>\n\t\t\t\t<\/div>\n\t\t\t\t<\/div>\n\t\t\t\t\t<\/div>\n\t\t<\/div>\n\t\t\t\t\t<\/div>\n\t\t<\/section>\n\t\t\t\t\t<\/div>\n\t\t<\/div>\n\t\t\t\t\t<\/div>\n\t\t<\/section>\n\t\t\t\t<section class=\"elementor-section elementor-top-section elementor-element elementor-element-4aead226 elementor-section-boxed elementor-section-height-default elementor-section-height-default\" data-id=\"4aead226\" data-element_type=\"section\" data-e-type=\"section\" data-settings=\"{&quot;background_background&quot;:&quot;classic&quot;}\">\n\t\t\t\t\t\t\t<div class=\"elementor-background-overlay\"><\/div>\n\t\t\t\t\t\t\t<div class=\"elementor-container elementor-column-gap-default\">\n\t\t\t\t\t<div class=\"elementor-column elementor-col-100 elementor-top-column elementor-element elementor-element-e2b2903\" data-id=\"e2b2903\" data-element_type=\"column\" data-e-type=\"column\">\n\t\t\t<div class=\"elementor-widget-wrap elementor-element-populated\">\n\t\t\t\t\t\t<div class=\"elementor-element elementor-element-6832f951 elementor-widget elementor-widget-heading\" data-id=\"6832f951\" data-element_type=\"widget\" data-e-type=\"widget\" data-widget_type=\"heading.default\">\n\t\t\t\t<div class=\"elementor-widget-container\">\n\t\t\t\t\t<h2 class=\"elementor-heading-title elementor-size-default\">Why choose us?<\/h2>\t\t\t\t<\/div>\n\t\t\t\t<\/div>\n\t\t\t\t<div class=\"elementor-element elementor-element-557223e0 elementor-widget elementor-widget-text-editor\" data-id=\"557223e0\" data-element_type=\"widget\" data-e-type=\"widget\" data-widget_type=\"text-editor.default\">\n\t\t\t\t<div class=\"elementor-widget-container\">\n\t\t\t\t\t\t\t\t\t<p>At 20kHz Producciones, we are committed to providing the highest quality equipment and exceptional service that guarantees the success of your event.\u00a0<\/p><p>Our team is made up of passionate professionals who are dedicated to offering creative and personalized solutions that exceed your expectations.\u00a0<\/p><p>Additionally, we offer competitive pricing and flexibility in rental packages to accommodate different budgets and needs.<\/p>\t\t\t\t\t\t\t\t<\/div>\n\t\t\t\t<\/div>\n\t\t\t\t\t<\/div>\n\t\t<\/div>\n\t\t\t\t\t<\/div>\n\t\t<\/section>\n\t\t\t\t<section class=\"elementor-section elementor-top-section elementor-element elementor-element-587cc5b6 elementor-section-boxed elementor-section-height-default elementor-section-height-default\" data-id=\"587cc5b6\" data-element_type=\"section\" data-e-type=\"section\" data-settings=\"{&quot;background_background&quot;:&quot;classic&quot;}\">\n\t\t\t\t\t\t\t<div class=\"elementor-background-overlay\"><\/div>\n\t\t\t\t\t\t\t<div class=\"elementor-container elementor-column-gap-default\">\n\t\t\t\t\t<div class=\"elementor-column elementor-col-100 elementor-top-column elementor-element elementor-element-61e44f3a\" data-id=\"61e44f3a\" data-element_type=\"column\" data-e-type=\"column\">\n\t\t\t<div class=\"elementor-widget-wrap elementor-element-populated\">\n\t\t\t\t\t\t<section class=\"elementor-section elementor-inner-section elementor-element elementor-element-4ce4de2f elementor-section-content-middle elementor-section-boxed elementor-section-height-default elementor-section-height-default\" data-id=\"4ce4de2f\" data-element_type=\"section\" data-e-type=\"section\">\n\t\t\t\t\t\t<div class=\"elementor-container elementor-column-gap-default\">\n\t\t\t\t\t<div class=\"elementor-column elementor-col-50 elementor-inner-column elementor-element elementor-element-6d93444c\" data-id=\"6d93444c\" data-element_type=\"column\" data-e-type=\"column\">\n\t\t\t<div class=\"elementor-widget-wrap elementor-element-populated\">\n\t\t\t\t\t\t<div class=\"elementor-element elementor-element-427ccd31 elementor-widget elementor-widget-heading\" data-id=\"427ccd31\" data-element_type=\"widget\" data-e-type=\"widget\" data-widget_type=\"heading.default\">\n\t\t\t\t<div class=\"elementor-widget-container\">\n\t\t\t\t\t<h3 class=\"elementor-heading-title elementor-size-default\">Contact us<\/h3>\t\t\t\t<\/div>\n\t\t\t\t<\/div>\n\t\t\t\t<div class=\"elementor-element elementor-element-2e85168 elementor-widget elementor-widget-text-editor\" data-id=\"2e85168\" data-element_type=\"widget\" data-e-type=\"widget\" data-widget_type=\"text-editor.default\">\n\t\t\t\t<div class=\"elementor-widget-container\">\n\t\t\t\t\t\t\t\t\t<p>Contact our team today to learn more about our sound and lighting equipment rental services and request a personalized quote.\u00a0<\/p>\t\t\t\t\t\t\t\t<\/div>\n\t\t\t\t<\/div>\n\t\t\t\t\t<\/div>\n\t\t<\/div>\n\t\t\t\t<div class=\"elementor-column elementor-col-50 elementor-inner-column elementor-element elementor-element-21a3cc43\" data-id=\"21a3cc43\" data-element_type=\"column\" data-e-type=\"column\">\n\t\t\t<div class=\"elementor-widget-wrap elementor-element-populated\">\n\t\t\t\t\t\t<div class=\"elementor-element elementor-element-72902ab6 elementor-align-right elementor-widget elementor-widget-button\" data-id=\"72902ab6\" data-element_type=\"widget\" data-e-type=\"widget\" data-widget_type=\"button.default\">\n\t\t\t\t<div class=\"elementor-widget-container\">\n\t\t\t\t\t\t\t\t\t<div class=\"elementor-button-wrapper\">\n\t\t\t\t\t<a class=\"elementor-button elementor-button-link elementor-size-sm\" href=\"https:\/\/www.20khzpro.com\/en\/contact\/\">\n\t\t\t\t\t\t<span class=\"elementor-button-content-wrapper\">\n\t\t\t\t\t\t\t\t\t<span class=\"elementor-button-text\">Contact<\/span>\n\t\t\t\t\t<\/span>\n\t\t\t\t\t<\/a>\n\t\t\t\t<\/div>\n\t\t\t\t\t\t\t\t<\/div>\n\t\t\t\t<\/div>\n\t\t\t\t\t<\/div>\n\t\t<\/div>\n\t\t\t\t\t<\/div>\n\t\t<\/section>\n\t\t\t\t\t<\/div>\n\t\t<\/div>\n\t\t\t\t\t<\/div>\n\t\t<\/section>\n\t\t\t\t<\/div>","protected":false},"excerpt":{"rendered":"<p>Alquiler de equipos de sonido e iluminaci\u00f3n Sonido e iluminaci\u00f3n Haz que tu evento brille En 20kHz Producciones, ofrecemos un servicio completo de alquiler de equipos de sonido e iluminaci\u00f3n para eventos de todo tipo y tama\u00f1o. Desde peque\u00f1as reuniones hasta grandes producciones, tenemos el equipo adecuado para hacer que tu evento brille. Equipos de [&hellip;]<\/p>\n","protected":false},"author":1,"featured_media":0,"parent":0,"menu_order":2,"comment_status":"closed","ping_status":"closed","template":"","meta":{"_joinchat":[],"footnotes":""},"class_list":["post-556","page","type-page","status-publish","hentry"],"yoast_head":"<!-- This site is optimized with the Yoast SEO plugin v27.4 - https:\/\/yoast.com\/product\/yoast-seo-wordpress\/ -->\n<title>Alquiler de equipos - Grupo 20kHz Producciones<\/title>\n<meta name=\"description\" content=\"Desde sistemas de sonido de alta calidad hasta efectos de iluminaci\u00f3n impresionantes, tenemos todo lo que necesitas para hacer que tu evento sea un \u00e9xito.\" \/>\n<meta name=\"robots\" content=\"index, follow, max-snippet:-1, max-image-preview:large, max-video-preview:-1\" \/>\n<link rel=\"canonical\" href=\"https:\/\/www.20khzpro.com\/en\/equipment-rental\/\" \/>\n<meta property=\"og:locale\" content=\"en_US\" \/>\n<meta property=\"og:type\" content=\"article\" \/>\n<meta property=\"og:title\" content=\"Alquiler de equipos - Grupo 20kHz Producciones\" \/>\n<meta property=\"og:description\" content=\"Desde sistemas de sonido de alta calidad hasta efectos de iluminaci\u00f3n impresionantes, tenemos todo lo que necesitas para hacer que tu evento sea un \u00e9xito.\" \/>\n<meta property=\"og:url\" content=\"https:\/\/www.20khzpro.com\/en\/equipment-rental\/\" \/>\n<meta property=\"og:site_name\" content=\"Grupo 20kHz Producciones\" \/>\n<meta property=\"article:publisher\" content=\"https:\/\/www.facebook.com\/20khzproducciones\" \/>\n<meta property=\"article:modified_time\" content=\"2024-03-01T12:25:32+00:00\" \/>\n<meta property=\"og:image\" content=\"https:\/\/www.20khzpro.com\/wp-content\/uploads\/2024\/03\/20khz-producciones.png\" \/>\n\t<meta property=\"og:image:width\" content=\"1200\" \/>\n\t<meta property=\"og:image:height\" content=\"675\" \/>\n\t<meta property=\"og:image:type\" content=\"image\/png\" \/>\n<meta name=\"twitter:card\" content=\"summary_large_image\" \/>\n<script type=\"application\/ld+json\" class=\"yoast-schema-graph\">{\"@context\":\"https:\\\/\\\/schema.org\",\"@graph\":[{\"@type\":\"WebPage\",\"@id\":\"https:\\\/\\\/www.20khzpro.com\\\/alquiler-de-equipos\\\/\",\"url\":\"https:\\\/\\\/www.20khzpro.com\\\/alquiler-de-equipos\\\/\",\"name\":\"Alquiler de equipos - Grupo 20kHz Producciones\",\"isPartOf\":{\"@id\":\"https:\\\/\\\/www.20khzpro.com\\\/#website\"},\"datePublished\":\"2024-02-27T11:35:09+00:00\",\"dateModified\":\"2024-03-01T12:25:32+00:00\",\"description\":\"Desde sistemas de sonido de alta calidad hasta efectos de iluminaci\u00f3n impresionantes, tenemos todo lo que necesitas para hacer que tu evento sea un \u00e9xito.\",\"breadcrumb\":{\"@id\":\"https:\\\/\\\/www.20khzpro.com\\\/alquiler-de-equipos\\\/#breadcrumb\"},\"inLanguage\":\"en-US\",\"potentialAction\":[{\"@type\":\"ReadAction\",\"target\":[\"https:\\\/\\\/www.20khzpro.com\\\/alquiler-de-equipos\\\/\"]}]},{\"@type\":\"BreadcrumbList\",\"@id\":\"https:\\\/\\\/www.20khzpro.com\\\/alquiler-de-equipos\\\/#breadcrumb\",\"itemListElement\":[{\"@type\":\"ListItem\",\"position\":1,\"name\":\"Inicio\",\"item\":\"https:\\\/\\\/www.20khzpro.com\\\/\"},{\"@type\":\"ListItem\",\"position\":2,\"name\":\"Alquiler de equipos\"}]},{\"@type\":\"WebSite\",\"@id\":\"https:\\\/\\\/www.20khzpro.com\\\/#website\",\"url\":\"https:\\\/\\\/www.20khzpro.com\\\/\",\"name\":\"Grupo 20Kkz Producciones\",\"description\":\"Servicios para el espect\u00e1culo y bandas musicales\",\"publisher\":{\"@id\":\"https:\\\/\\\/www.20khzpro.com\\\/#organization\"},\"potentialAction\":[{\"@type\":\"SearchAction\",\"target\":{\"@type\":\"EntryPoint\",\"urlTemplate\":\"https:\\\/\\\/www.20khzpro.com\\\/?s={search_term_string}\"},\"query-input\":{\"@type\":\"PropertyValueSpecification\",\"valueRequired\":true,\"valueName\":\"search_term_string\"}}],\"inLanguage\":\"en-US\"},{\"@type\":\"Organization\",\"@id\":\"https:\\\/\\\/www.20khzpro.com\\\/#organization\",\"name\":\"Grupo 20Kkz Producciones\",\"url\":\"https:\\\/\\\/www.20khzpro.com\\\/\",\"logo\":{\"@type\":\"ImageObject\",\"inLanguage\":\"en-US\",\"@id\":\"https:\\\/\\\/www.20khzpro.com\\\/#\\\/schema\\\/logo\\\/image\\\/\",\"url\":\"https:\\\/\\\/www.20khzpro.com\\\/wp-content\\\/uploads\\\/2024\\\/03\\\/20khz-producciones.png\",\"contentUrl\":\"https:\\\/\\\/www.20khzpro.com\\\/wp-content\\\/uploads\\\/2024\\\/03\\\/20khz-producciones.png\",\"width\":1200,\"height\":675,\"caption\":\"Grupo 20Kkz Producciones\"},\"image\":{\"@id\":\"https:\\\/\\\/www.20khzpro.com\\\/#\\\/schema\\\/logo\\\/image\\\/\"},\"sameAs\":[\"https:\\\/\\\/www.facebook.com\\\/20khzproducciones\",\"https:\\\/\\\/www.instagram.com\\\/20khzproducciones\"]}]}<\/script>\n<!-- \/ Yoast SEO plugin. -->","yoast_head_json":{"title":"Equipment rental - Grupo 20kHz Producciones","description":"From high-quality sound systems to stunning lighting effects, we have everything you need to make your event a success.","robots":{"index":"index","follow":"follow","max-snippet":"max-snippet:-1","max-image-preview":"max-image-preview:large","max-video-preview":"max-video-preview:-1"},"canonical":"https:\/\/www.20khzpro.com\/en\/equipment-rental\/","og_locale":"en_US","og_type":"article","og_title":"Alquiler de equipos - Grupo 20kHz Producciones","og_description":"Desde sistemas de sonido de alta calidad hasta efectos de iluminaci\u00f3n impresionantes, tenemos todo lo que necesitas para hacer que tu evento sea un \u00e9xito.","og_url":"https:\/\/www.20khzpro.com\/en\/equipment-rental\/","og_site_name":"Grupo 20kHz Producciones","article_publisher":"https:\/\/www.facebook.com\/20khzproducciones","article_modified_time":"2024-03-01T12:25:32+00:00","og_image":[{"width":1200,"height":675,"url":"https:\/\/www.20khzpro.com\/wp-content\/uploads\/2024\/03\/20khz-producciones.png","type":"image\/png"}],"twitter_card":"summary_large_image","schema":{"@context":"https:\/\/schema.org","@graph":[{"@type":"WebPage","@id":"https:\/\/www.20khzpro.com\/alquiler-de-equipos\/","url":"https:\/\/www.20khzpro.com\/alquiler-de-equipos\/","name":"Equipment rental - Grupo 20kHz Producciones","isPartOf":{"@id":"https:\/\/www.20khzpro.com\/#website"},"datePublished":"2024-02-27T11:35:09+00:00","dateModified":"2024-03-01T12:25:32+00:00","description":"From high-quality sound systems to stunning lighting effects, we have everything you need to make your event a success.","breadcrumb":{"@id":"https:\/\/www.20khzpro.com\/alquiler-de-equipos\/#breadcrumb"},"inLanguage":"en-US","potentialAction":[{"@type":"ReadAction","target":["https:\/\/www.20khzpro.com\/alquiler-de-equipos\/"]}]},{"@type":"BreadcrumbList","@id":"https:\/\/www.20khzpro.com\/alquiler-de-equipos\/#breadcrumb","itemListElement":[{"@type":"ListItem","position":1,"name":"Inicio","item":"https:\/\/www.20khzpro.com\/"},{"@type":"ListItem","position":2,"name":"Alquiler de equipos"}]},{"@type":"WebSite","@id":"https:\/\/www.20khzpro.com\/#website","url":"https:\/\/www.20khzpro.com\/","name":"20Kkz Productions Group","description":"Services for entertainment and musical bands","publisher":{"@id":"https:\/\/www.20khzpro.com\/#organization"},"potentialAction":[{"@type":"SearchAction","target":{"@type":"EntryPoint","urlTemplate":"https:\/\/www.20khzpro.com\/?s={search_term_string}"},"query-input":{"@type":"PropertyValueSpecification","valueRequired":true,"valueName":"search_term_string"}}],"inLanguage":"en-US"},{"@type":"Organization","@id":"https:\/\/www.20khzpro.com\/#organization","name":"20Kkz Productions Group","url":"https:\/\/www.20khzpro.com\/","logo":{"@type":"ImageObject","inLanguage":"en-US","@id":"https:\/\/www.20khzpro.com\/#\/schema\/logo\/image\/","url":"https:\/\/www.20khzpro.com\/wp-content\/uploads\/2024\/03\/20khz-producciones.png","contentUrl":"https:\/\/www.20khzpro.com\/wp-content\/uploads\/2024\/03\/20khz-producciones.png","width":1200,"height":675,"caption":"Grupo 20Kkz Producciones"},"image":{"@id":"https:\/\/www.20khzpro.com\/#\/schema\/logo\/image\/"},"sameAs":["https:\/\/www.facebook.com\/20khzproducciones","https:\/\/www.instagram.com\/20khzproducciones"]}]}},"_links":{"self":[{"href":"https:\/\/www.20khzpro.com\/en\/wp-json\/wp\/v2\/pages\/556","targetHints":{"allow":["GET"]}}],"collection":[{"href":"https:\/\/www.20khzpro.com\/en\/wp-json\/wp\/v2\/pages"}],"about":[{"href":"https:\/\/www.20khzpro.com\/en\/wp-json\/wp\/v2\/types\/page"}],"author":[{"embeddable":true,"href":"https:\/\/www.20khzpro.com\/en\/wp-json\/wp\/v2\/users\/1"}],"replies":[{"embeddable":true,"href":"https:\/\/www.20khzpro.com\/en\/wp-json\/wp\/v2\/comments?post=556"}],"version-history":[{"count":47,"href":"https:\/\/www.20khzpro.com\/en\/wp-json\/wp\/v2\/pages\/556\/revisions"}],"predecessor-version":[{"id":831,"href":"https:\/\/www.20khzpro.com\/en\/wp-json\/wp\/v2\/pages\/556\/revisions\/831"}],"wp:attachment":[{"href":"https:\/\/www.20khzpro.com\/en\/wp-json\/wp\/v2\/media?parent=556"}],"curies":[{"name":"wp","href":"https:\/\/api.w.org\/{rel}","templated":true}]}}